{"id":145,"date":"2025-01-09T20:54:05","date_gmt":"2025-01-09T20:54:05","guid":{"rendered":"https:\/\/nibe-modellbau.de\/?page_id=145"},"modified":"2025-04-24T21:07:56","modified_gmt":"2025-04-24T21:07:56","slug":"ms-malo","status":"publish","type":"page","link":"https:\/\/nibe-modellbau.de\/index.php\/ms-malo\/","title":{"rendered":"MS Malo"},"content":{"rendered":"<p><span style=\"font-size: 18pt;\"><strong>MS Malo<\/strong><\/span><\/p>\n<p><img loading=\"lazy\" decoding=\"async\" class=\"alignnone wp-image-104\" src=\"https:\/\/nibe-modellbau.de\/wp-content\/uploads\/2025\/01\/MS-Malo.jpg\" alt=\"MS Malo, Modell, Schubschiff, Rhein\" width=\"300\" height=\"167\" \/><\/p>\n<table id=\"tablepress-738\" class=\"tablepress tablepress-id-738\">\n<tbody class=\"row-striping row-hover\">\n<tr class=\"row-3\">\n<td class=\"column-2\"><span style=\"font-size: 14pt;\">Das Schiff wurde 1923 auf der Geleyers\/Roockvaarf in Breda Holland gebaut. Wie viele Eigner oder Namen es bis zum Verkauf 1982 hatte, konnte nicht erforscht werden. Der letzte Eigner war J.Pieh in Lekkerkerk\/Holland, das Schiff hatte den Namen &#8222;ONDERMENNING&#8220; und der Heimathafen war Rotterdam. Das Schiff wurde 1982 verkauft, dfa es durch seine Gr\u00f6\u00dfe unwirtschaftlich geworden ist. Gekauft wurde es, \u00fcber einen Vermittler, Manfred Lochner aus Berenbostel (Hannover). Er \u00fcberf\u00fchrte das Schiff 1983 nach Hannover\/Misburg, wo es sich bis heute noch befindet. Von 1983-1987 wurde es als Freizeitschiff um- und ausgebaut. \u00c4u\u00dferliche Ver\u00e4nderungen hat es kaum gegeben, bis auf das Steuerhaus, welches erneuert werden musste, da am alten, Zahn der Zeit genagt hatte. Auch wurde der Mast sp\u00e4ter entfernt. Heute l\u00e4uft das Schiff unter dem Namen &#8222;Malo&#8220;, der Heimathafen ist Misburg. Das Modell ist eine Rekonstruktion nach dem vorhandenen Vorbild, das entsprechend vermessen wurde.<\/span><\/p>\n<p><span style=\"font-size: 14pt;\">Ma\u00dfstab: 1:25<\/span><br \/>\n<span style=\"font-size: 14pt;\">Original<\/span><br \/>\n<span style=\"font-size: 14pt;\">L\u00e4nge: 22,66m<\/span><br \/>\n<span style=\"font-size: 14pt;\">Breite: 4,38m<\/span><br \/>\n<span style=\"font-size: 14pt;\">Tiefgang: 0,9m<\/span><\/td>\n<\/tr>\n<\/tbody>\n<\/table>\n<p><span style=\"font-size: 14pt;\"><b>Preis auf Anfrage<\/b><\/span><\/p>\n<p><span style=\"font-size: 14pt;\"><b>Lieferbar: auf Anfrage<\/b><\/span><\/p>\n","protected":false},"excerpt":{"rendered":"<p>MS Malo Das Schiff wurde 1923 auf der Geleyers\/Roockvaarf in Breda Holland gebaut. Wie viele Eigner oder Namen es bis zum Verkauf 1982 hatte, konnte nicht erforscht werden. Der letzte Eigner war J.Pieh in Lekkerkerk\/Holland, das Schiff hatte den Namen &#8222;ONDERMENNING&#8220; und der Heimathafen war Rotterdam. Das Schiff wurde 1982 verkauft, dfa es durch seine<\/p>\n<div class=\"more-link\">\n             <a href=\"https:\/\/nibe-modellbau.de\/index.php\/ms-malo\/\" class=\"link-btn\"><span>Weiterlesen <\/span><i class=\"icofont-thin-double-right\"><\/i><\/a>\n        <\/div>\n","protected":false},"author":2,"featured_media":0,"parent":0,"menu_order":0,"comment_status":"closed","ping_status":"closed","template":"","meta":{"footnotes":""},"class_list":["post-145","page","type-page","status-publish","hentry"],"_links":{"self":[{"href":"https:\/\/nibe-modellbau.de\/index.php\/wp-json\/wp\/v2\/pages\/145","targetHints":{"allow":["GET"]}}],"collection":[{"href":"https:\/\/nibe-modellbau.de\/index.php\/wp-json\/wp\/v2\/pages"}],"about":[{"href":"https:\/\/nibe-modellbau.de\/index.php\/wp-json\/wp\/v2\/types\/page"}],"author":[{"embeddable":true,"href":"https:\/\/nibe-modellbau.de\/index.php\/wp-json\/wp\/v2\/users\/2"}],"replies":[{"embeddable":true,"href":"https:\/\/nibe-modellbau.de\/index.php\/wp-json\/wp\/v2\/comments?post=145"}],"version-history":[{"count":5,"href":"https:\/\/nibe-modellbau.de\/index.php\/wp-json\/wp\/v2\/pages\/145\/revisions"}],"predecessor-version":[{"id":496,"href":"https:\/\/nibe-modellbau.de\/index.php\/wp-json\/wp\/v2\/pages\/145\/revisions\/496"}],"wp:attachment":[{"href":"https:\/\/nibe-modellbau.de\/index.php\/wp-json\/wp\/v2\/media?parent=145"}],"curies":[{"name":"wp","href":"https:\/\/api.w.org\/{rel}","templated":true}]}}