{"id":149,"date":"2025-01-09T21:02:39","date_gmt":"2025-01-09T21:02:39","guid":{"rendered":"https:\/\/nibe-modellbau.de\/?page_id=149"},"modified":"2025-08-04T21:50:05","modified_gmt":"2025-08-04T21:50:05","slug":"hafenaufsichtsboot","status":"publish","type":"page","link":"https:\/\/nibe-modellbau.de\/index.php\/hafenaufsichtsboot\/","title":{"rendered":"Hafenaufsichtsboot"},"content":{"rendered":"<p><span style=\"font-size: 18pt;\"><strong>Hafenaufsichtsboot<\/strong><\/span><\/p>\n<p><img loading=\"lazy\" decoding=\"async\" class=\"alignnone wp-image-102\" src=\"https:\/\/nibe-modellbau.de\/wp-content\/uploads\/2025\/01\/Hafenaufsichtsboot.jpg\" alt=\"Hafenaufsicht, Hafenamt, Modell\" width=\"300\" height=\"135\" \/><\/p>\n<p><span style=\"font-size: 14pt;\">Dieser Schiffstyp wurde in Holland in verschiedenen Versionen gebaut: Hafenaufsichtsboote, Schleppboote, Beh\u00f6rdenboote usw.. Dieses Hafenboot konnte durch den eigenen Bord Kran auch kleine Reparaturarbeiten durchf\u00fchren. Inzwischen wurde dieser Bootstyp au\u00dfer Dienst gestellt.<\/span><\/p>\n<p><span style=\"font-size: 14pt;\">Ma\u00dfstab: 1:25<\/span><br \/>\n<span style=\"font-size: 14pt;\">L\u00e4nge: 58,5cm<\/span><br \/>\n<span style=\"font-size: 14pt;\">Breite: 17,5cm<\/span><br \/>\n<span style=\"font-size: 14pt;\">Zuladung: 1,3 kg<\/span><\/p>\n<p><span style=\"font-size: 14pt;\"><b>Preis: 315\u20ac<\/b><\/span><\/p>\n<p><span style=\"font-size: 14pt;\"><b>Lieferbar: ca. Ende August<\/b><\/span><\/p>\n","protected":false},"excerpt":{"rendered":"<p>Hafenaufsichtsboot Dieser Schiffstyp wurde in Holland in verschiedenen Versionen gebaut: Hafenaufsichtsboote, Schleppboote, Beh\u00f6rdenboote usw.. Dieses Hafenboot konnte durch den eigenen Bord Kran auch kleine Reparaturarbeiten durchf\u00fchren. Inzwischen wurde dieser Bootstyp au\u00dfer Dienst gestellt. Ma\u00dfstab: 1:25 L\u00e4nge: 58,5cm Breite: 17,5cm Zuladung: 1,3 kg Preis: 315\u20ac Lieferbar: ca. Ende August<\/p>\n","protected":false},"author":2,"featured_media":0,"parent":0,"menu_order":0,"comment_status":"closed","ping_status":"closed","template":"","meta":{"footnotes":""},"class_list":["post-149","page","type-page","status-publish","hentry"],"_links":{"self":[{"href":"https:\/\/nibe-modellbau.de\/index.php\/wp-json\/wp\/v2\/pages\/149","targetHints":{"allow":["GET"]}}],"collection":[{"href":"https:\/\/nibe-modellbau.de\/index.php\/wp-json\/wp\/v2\/pages"}],"about":[{"href":"https:\/\/nibe-modellbau.de\/index.php\/wp-json\/wp\/v2\/types\/page"}],"author":[{"embeddable":true,"href":"https:\/\/nibe-modellbau.de\/index.php\/wp-json\/wp\/v2\/users\/2"}],"replies":[{"embeddable":true,"href":"https:\/\/nibe-modellbau.de\/index.php\/wp-json\/wp\/v2\/comments?post=149"}],"version-history":[{"count":7,"href":"https:\/\/nibe-modellbau.de\/index.php\/wp-json\/wp\/v2\/pages\/149\/revisions"}],"predecessor-version":[{"id":529,"href":"https:\/\/nibe-modellbau.de\/index.php\/wp-json\/wp\/v2\/pages\/149\/revisions\/529"}],"wp:attachment":[{"href":"https:\/\/nibe-modellbau.de\/index.php\/wp-json\/wp\/v2\/media?parent=149"}],"curies":[{"name":"wp","href":"https:\/\/api.w.org\/{rel}","templated":true}]}}