{"id":15,"date":"2024-12-31T22:09:28","date_gmt":"2024-12-31T22:09:28","guid":{"rendered":"https:\/\/nibe-modellbau.de\/?page_id=15"},"modified":"2026-01-09T13:30:40","modified_gmt":"2026-01-09T13:30:40","slug":"startseite","status":"publish","type":"page","link":"https:\/\/nibe-modellbau.de\/","title":{"rendered":"NIBE-Modellbau"},"content":{"rendered":"<h3>Herzlich Willkommen,<\/h3>\n<p>auf der Homepage von NIBE-Modellbau. Ihrem Partner in Sachen Modellbau.<\/p>\n<ul>\n<li>Im Sortiment sind die Schiffsmodellbau-Bauk\u00e4sten von Modellbau-Sievers. Nach der \u00dcberarbeiten der Bauk\u00e4sten auf den aktuellen Stand der Fertigungsmethoden, wird ein Gro\u00dfteil der ehemaligen Modelle bei uns lieferbar sein. Die Bestellung erfolgt per <a href=\"mailto:info@nibe-modellbau.de\">Mail<\/a>!<\/li>\n<li>Wir haben zum 01.01.2026 den Online-Shop und s\u00e4mtliche Waren vom Modellbau-Kaufhaus \u00fcbernommen. Ihr findet den Online-Shop mit allen genialen und in Europa hergestellten \u00c4tzteilen und weiterem Zubeh\u00f6r unter folgendem Link: <a href=\"http:\/\/www.modellbau-kaufhaus.de\">www.modellbau-kaufhaus.de<\/a><\/li>\n<li>Weiter werden wir nach und nach verschiedene weitere Schiffsmodellbauartikel ins Sortiment aufnehmen.<\/li>\n<li>Auch Sonderfertigungen aus den Bereichen Fr\u00e4sen, 3D-Drucken, \u00c4tzteile und Beschriftung ist in unserem Lieferprogramm zu finden. Melden Sie sich per <a href=\"mailto:info@nibe-modellbau.de\">Mail<\/a>!<\/li>\n<\/ul>\n<p>NIBE-Modellbau versteht sich als Partner im Modellbau. Wir finden L\u00f6sungen!<\/p>\n<p>euer Nils Bering.<\/p>\n<p>&nbsp;<\/p>\n<p>&nbsp;<\/p>\n<p>&nbsp;<\/p>\n<p>&nbsp;<\/p>\n<p>&nbsp;<\/p>\n","protected":false},"excerpt":{"rendered":"<p>Herzlich Willkommen, auf der Homepage von NIBE-Modellbau. Ihrem Partner in Sachen Modellbau. Im Sortiment sind die Schiffsmodellbau-Bauk\u00e4sten von Modellbau-Sievers. Nach der \u00dcberarbeiten der Bauk\u00e4sten auf den aktuellen Stand der Fertigungsmethoden, wird ein Gro\u00dfteil der ehemaligen Modelle bei uns lieferbar sein. Die Bestellung erfolgt per Mail! Wir haben zum 01.01.2026 den Online-Shop und s\u00e4mtliche Waren vom<\/p>\n<div class=\"more-link\">\n             <a href=\"https:\/\/nibe-modellbau.de\/\" class=\"link-btn\"><span>Weiterlesen <\/span><i class=\"icofont-thin-double-right\"><\/i><\/a>\n        <\/div>\n","protected":false},"author":1,"featured_media":0,"parent":0,"menu_order":0,"comment_status":"closed","ping_status":"closed","template":"","meta":{"footnotes":""},"class_list":["post-15","page","type-page","status-publish","hentry"],"_links":{"self":[{"href":"https:\/\/nibe-modellbau.de\/index.php\/wp-json\/wp\/v2\/pages\/15","targetHints":{"allow":["GET"]}}],"collection":[{"href":"https:\/\/nibe-modellbau.de\/index.php\/wp-json\/wp\/v2\/pages"}],"about":[{"href":"https:\/\/nibe-modellbau.de\/index.php\/wp-json\/wp\/v2\/types\/page"}],"author":[{"embeddable":true,"href":"https:\/\/nibe-modellbau.de\/index.php\/wp-json\/wp\/v2\/users\/1"}],"replies":[{"embeddable":true,"href":"https:\/\/nibe-modellbau.de\/index.php\/wp-json\/wp\/v2\/comments?post=15"}],"version-history":[{"count":11,"href":"https:\/\/nibe-modellbau.de\/index.php\/wp-json\/wp\/v2\/pages\/15\/revisions"}],"predecessor-version":[{"id":563,"href":"https:\/\/nibe-modellbau.de\/index.php\/wp-json\/wp\/v2\/pages\/15\/revisions\/563"}],"wp:attachment":[{"href":"https:\/\/nibe-modellbau.de\/index.php\/wp-json\/wp\/v2\/media?parent=15"}],"curies":[{"name":"wp","href":"https:\/\/api.w.org\/{rel}","templated":true}]}}