{"id":154,"date":"2025-01-09T21:21:29","date_gmt":"2025-01-09T21:21:29","guid":{"rendered":"https:\/\/nibe-modellbau.de\/?page_id=154"},"modified":"2025-08-04T21:47:27","modified_gmt":"2025-08-04T21:47:27","slug":"lotsenboot-schnatermann","status":"publish","type":"page","link":"https:\/\/nibe-modellbau.de\/index.php\/lotsenboot-schnatermann\/","title":{"rendered":"Lotsenboot &#8222;Schnatermann&#8220;"},"content":{"rendered":"<p><span style=\"font-size: 18pt;\"><strong>Lotsenboot &#8222;Schnatermann&#8220;<\/strong><\/span><\/p>\n<p><img loading=\"lazy\" decoding=\"async\" class=\"alignnone wp-image-103\" src=\"https:\/\/nibe-modellbau.de\/wp-content\/uploads\/2025\/01\/Lotsenboot-Schnatermann.jpg\" alt=\"Schnatermann, Lotse, Pilot, Versetzboot, Modell\" width=\"300\" height=\"196\" \/><\/p>\n<p><span style=\"font-size: 14pt;\">Von diesem Schiffstyp wurden 1995 f\u00fcnf Boote gebaut. Ihr Einsatzgebiet ist die Ostsee, von Rostock bis nach R\u00fcgen. Die Geschwindigkeit betr\u00e4gt 18 Knoten.<\/span><\/p>\n<p><span style=\"font-size: 14pt;\">Ma\u00dfstab: 1:20<\/span><br \/>\n<span style=\"font-size: 14pt;\">L\u00e4nge: 75 cm<\/span><br \/>\n<span style=\"font-size: 14pt;\">Breite: 28 cm<\/span><br \/>\n<span style=\"font-size: 14pt;\">Zuladung: 2 kg<\/span><\/p>\n<p><span style=\"font-size: 14pt;\"><b>Preis: 375\u20ac\u00a0<\/b><\/span><\/p>\n<p><span style=\"font-size: 14pt;\"><b>Lieferbar: ca. Ende August<\/b><\/span><\/p>\n","protected":false},"excerpt":{"rendered":"<p>Lotsenboot &#8222;Schnatermann&#8220; Von diesem Schiffstyp wurden 1995 f\u00fcnf Boote gebaut. Ihr Einsatzgebiet ist die Ostsee, von Rostock bis nach R\u00fcgen. Die Geschwindigkeit betr\u00e4gt 18 Knoten. Ma\u00dfstab: 1:20 L\u00e4nge: 75 cm Breite: 28 cm Zuladung: 2 kg Preis: 375\u20ac\u00a0 Lieferbar: ca. Ende August<\/p>\n","protected":false},"author":2,"featured_media":0,"parent":0,"menu_order":0,"comment_status":"closed","ping_status":"closed","template":"","meta":{"footnotes":""},"class_list":["post-154","page","type-page","status-publish","hentry"],"_links":{"self":[{"href":"https:\/\/nibe-modellbau.de\/index.php\/wp-json\/wp\/v2\/pages\/154","targetHints":{"allow":["GET"]}}],"collection":[{"href":"https:\/\/nibe-modellbau.de\/index.php\/wp-json\/wp\/v2\/pages"}],"about":[{"href":"https:\/\/nibe-modellbau.de\/index.php\/wp-json\/wp\/v2\/types\/page"}],"author":[{"embeddable":true,"href":"https:\/\/nibe-modellbau.de\/index.php\/wp-json\/wp\/v2\/users\/2"}],"replies":[{"embeddable":true,"href":"https:\/\/nibe-modellbau.de\/index.php\/wp-json\/wp\/v2\/comments?post=154"}],"version-history":[{"count":6,"href":"https:\/\/nibe-modellbau.de\/index.php\/wp-json\/wp\/v2\/pages\/154\/revisions"}],"predecessor-version":[{"id":527,"href":"https:\/\/nibe-modellbau.de\/index.php\/wp-json\/wp\/v2\/pages\/154\/revisions\/527"}],"wp:attachment":[{"href":"https:\/\/nibe-modellbau.de\/index.php\/wp-json\/wp\/v2\/media?parent=154"}],"curies":[{"name":"wp","href":"https:\/\/api.w.org\/{rel}","templated":true}]}}