{"id":158,"date":"2025-01-09T21:28:06","date_gmt":"2025-01-09T21:28:06","guid":{"rendered":"https:\/\/nibe-modellbau.de\/?page_id=158"},"modified":"2025-06-18T21:37:06","modified_gmt":"2025-06-18T21:37:06","slug":"opduwer-klorus","status":"publish","type":"page","link":"https:\/\/nibe-modellbau.de\/index.php\/opduwer-klorus\/","title":{"rendered":"Opduwer &#8222;Klorus&#8220;"},"content":{"rendered":"<p><strong><span style=\"color: #000000; font-family: verdana, geneva, sans-serif; font-size: 18pt;\">Opduwer &#8222;Klorus&#8220;<\/span><\/strong><\/p>\n<p><span style=\"font-family: georgia, palatino, serif; font-size: 12pt;\"><img loading=\"lazy\" decoding=\"async\" class=\"alignnone wp-image-105\" src=\"https:\/\/nibe-modellbau.de\/wp-content\/uploads\/2025\/01\/Opduwer-Klorus.jpg\" alt=\"Opduwer Klorus, Schubboot, Niederlande, Holland, Modellboot\" width=\"300\" height=\"165\" \/><\/span><\/p>\n<p><span style=\"font-family: georgia, palatino, serif; font-size: 14pt;\">Dieser Schiffstyp wurde in Holland gebaut. Er hatte die Aufgabe, von den gro\u00dfen Schleppverb\u00e4nden, aus Kostengr\u00fcnden, die Frachtk\u00e4hne aus und in die H\u00e4fen zu bringen. Heute findet man sie als Freizeitboote wieder.<\/span><\/p>\n<p><span style=\"font-family: georgia, palatino, serif; font-size: 14pt;\">Ma\u00dfstab: 1:10<\/span><br \/>\n<span style=\"font-family: georgia, palatino, serif; font-size: 14pt;\">L\u00e4nge: 52,5 cm<\/span><br \/>\n<span style=\"font-family: georgia, palatino, serif; font-size: 14pt;\">Breite: 16,0 cm<\/span><br \/>\n<span style=\"font-family: georgia, palatino, serif; font-size: 14pt;\">Zuladung: 1,2 kg<\/span><\/p>\n<p><span style=\"font-size: 14pt;\"><b>Preis: 219 \u20ac<\/b><\/span><\/p>\n<p>&nbsp;<\/p>\n<p><em><strong>Optional:<\/strong><\/em><\/p>\n<p><strong> Antriebsset: 24,95\u20ac<\/strong><\/p>\n<p><strong>Beschlagteilesatz einzeln: 35\u20ac<\/strong><\/p>\n<p><strong>Fr\u00e4steile (Aufbau) einzeln: 120\u20ac<\/strong><\/p>\n<p><strong>Rumpf einzeln: 150\u20ac<\/strong><\/p>\n<p>&nbsp;<\/p>\n<p><span style=\"font-size: 14pt;\"><b>Lieferbar: ab sofort<\/b><\/span><\/p>\n","protected":false},"excerpt":{"rendered":"<p>Opduwer &#8222;Klorus&#8220; Dieser Schiffstyp wurde in Holland gebaut. Er hatte die Aufgabe, von den gro\u00dfen Schleppverb\u00e4nden, aus Kostengr\u00fcnden, die Frachtk\u00e4hne aus und in die H\u00e4fen zu bringen. Heute findet man sie als Freizeitboote wieder. Ma\u00dfstab: 1:10 L\u00e4nge: 52,5 cm Breite: 16,0 cm Zuladung: 1,2 kg Preis: 219 \u20ac &nbsp; Optional: Antriebsset: 24,95\u20ac Beschlagteilesatz einzeln: 35\u20ac<\/p>\n<div class=\"more-link\">\n             <a href=\"https:\/\/nibe-modellbau.de\/index.php\/opduwer-klorus\/\" class=\"link-btn\"><span>Weiterlesen <\/span><i class=\"icofont-thin-double-right\"><\/i><\/a>\n        <\/div>\n","protected":false},"author":2,"featured_media":0,"parent":0,"menu_order":0,"comment_status":"closed","ping_status":"closed","template":"","meta":{"footnotes":""},"class_list":["post-158","page","type-page","status-publish","hentry"],"_links":{"self":[{"href":"https:\/\/nibe-modellbau.de\/index.php\/wp-json\/wp\/v2\/pages\/158","targetHints":{"allow":["GET"]}}],"collection":[{"href":"https:\/\/nibe-modellbau.de\/index.php\/wp-json\/wp\/v2\/pages"}],"about":[{"href":"https:\/\/nibe-modellbau.de\/index.php\/wp-json\/wp\/v2\/types\/page"}],"author":[{"embeddable":true,"href":"https:\/\/nibe-modellbau.de\/index.php\/wp-json\/wp\/v2\/users\/2"}],"replies":[{"embeddable":true,"href":"https:\/\/nibe-modellbau.de\/index.php\/wp-json\/wp\/v2\/comments?post=158"}],"version-history":[{"count":7,"href":"https:\/\/nibe-modellbau.de\/index.php\/wp-json\/wp\/v2\/pages\/158\/revisions"}],"predecessor-version":[{"id":508,"href":"https:\/\/nibe-modellbau.de\/index.php\/wp-json\/wp\/v2\/pages\/158\/revisions\/508"}],"wp:attachment":[{"href":"https:\/\/nibe-modellbau.de\/index.php\/wp-json\/wp\/v2\/media?parent=158"}],"curies":[{"name":"wp","href":"https:\/\/api.w.org\/{rel}","templated":true}]}}