{"id":163,"date":"2025-01-09T21:39:44","date_gmt":"2025-01-09T21:39:44","guid":{"rendered":"https:\/\/nibe-modellbau.de\/?page_id=163"},"modified":"2025-04-24T21:09:13","modified_gmt":"2025-04-24T21:09:13","slug":"crane-barge-1-2","status":"publish","type":"page","link":"https:\/\/nibe-modellbau.de\/index.php\/crane-barge-1-2\/","title":{"rendered":"&#8222;Crane Barge 1+2&#8220;"},"content":{"rendered":"<p><span style=\"font-size: 18pt;\"><strong>Spezial Motorschiff &#8222;Crane Barge 1+2&#8220;<\/strong><\/span><\/p>\n<p><img loading=\"lazy\" decoding=\"async\" class=\"alignnone wp-image-127\" src=\"https:\/\/nibe-modellbau.de\/wp-content\/uploads\/2025\/01\/Spezial-Motorschiff-Crane-Barge-1-2.jpg\" alt=\"Barge 1+2, Crane, Modell\" width=\"300\" height=\"185\" \/><\/p>\n<p><span style=\"font-size: 14pt;\">Diese beiden Spezialschiffe wurden von einer holl\u00e4ndischen Schiffswerft f\u00fcr die Reederei van esch international gebaut. Die Schiffe werden f\u00fcr die Ent- und Beladung von Seeschiffen, welche Produkte f\u00fcr das Binnenland haben oder bekommen, eingesetzt. Durch den langen Kran ist dies m\u00f6glich, ohne Hafenanlagen in Anspruch nehmen zu m\u00fcssen. Auch gef\u00e4hrliche G\u00fcter k\u00f6nnen transportiert werden.<\/span><\/p>\n<p><span style=\"font-size: 14pt;\">Ma\u00dfstab: 1:50<\/span><br \/>\n<span style=\"font-size: 14pt;\">L\u00e4nge: 80,5 cm<\/span><br \/>\n<span style=\"font-size: 14pt;\">Breite: 20,5 cm<\/span><br \/>\n<span style=\"font-size: 14pt;\">Zuladung: 2 kg<\/span><\/p>\n<p><span style=\"font-size: 14pt;\"><b>Preis auf Anfrage<\/b><\/span><\/p>\n<p><span style=\"font-size: 14pt;\"><b>Lieferbar: auf Anfrage<\/b><\/span><\/p>\n","protected":false},"excerpt":{"rendered":"<p>Spezial Motorschiff &#8222;Crane Barge 1+2&#8220; Diese beiden Spezialschiffe wurden von einer holl\u00e4ndischen Schiffswerft f\u00fcr die Reederei van esch international gebaut. Die Schiffe werden f\u00fcr die Ent- und Beladung von Seeschiffen, welche Produkte f\u00fcr das Binnenland haben oder bekommen, eingesetzt. Durch den langen Kran ist dies m\u00f6glich, ohne Hafenanlagen in Anspruch nehmen zu m\u00fcssen. Auch gef\u00e4hrliche<\/p>\n<div class=\"more-link\">\n             <a href=\"https:\/\/nibe-modellbau.de\/index.php\/crane-barge-1-2\/\" class=\"link-btn\"><span>Weiterlesen <\/span><i class=\"icofont-thin-double-right\"><\/i><\/a>\n        <\/div>\n","protected":false},"author":2,"featured_media":0,"parent":0,"menu_order":0,"comment_status":"closed","ping_status":"closed","template":"","meta":{"footnotes":""},"class_list":["post-163","page","type-page","status-publish","hentry"],"_links":{"self":[{"href":"https:\/\/nibe-modellbau.de\/index.php\/wp-json\/wp\/v2\/pages\/163","targetHints":{"allow":["GET"]}}],"collection":[{"href":"https:\/\/nibe-modellbau.de\/index.php\/wp-json\/wp\/v2\/pages"}],"about":[{"href":"https:\/\/nibe-modellbau.de\/index.php\/wp-json\/wp\/v2\/types\/page"}],"author":[{"embeddable":true,"href":"https:\/\/nibe-modellbau.de\/index.php\/wp-json\/wp\/v2\/users\/2"}],"replies":[{"embeddable":true,"href":"https:\/\/nibe-modellbau.de\/index.php\/wp-json\/wp\/v2\/comments?post=163"}],"version-history":[{"count":4,"href":"https:\/\/nibe-modellbau.de\/index.php\/wp-json\/wp\/v2\/pages\/163\/revisions"}],"predecessor-version":[{"id":499,"href":"https:\/\/nibe-modellbau.de\/index.php\/wp-json\/wp\/v2\/pages\/163\/revisions\/499"}],"wp:attachment":[{"href":"https:\/\/nibe-modellbau.de\/index.php\/wp-json\/wp\/v2\/media?parent=163"}],"curies":[{"name":"wp","href":"https:\/\/api.w.org\/{rel}","templated":true}]}}