{"id":171,"date":"2025-01-09T21:56:38","date_gmt":"2025-01-09T21:56:38","guid":{"rendered":"https:\/\/nibe-modellbau.de\/?page_id=171"},"modified":"2025-04-24T21:09:46","modified_gmt":"2025-04-24T21:09:46","slug":"dampfboot-charly","status":"publish","type":"page","link":"https:\/\/nibe-modellbau.de\/index.php\/dampfboot-charly\/","title":{"rendered":"Dampfboot &#8222;Charly&#8220;"},"content":{"rendered":"<p><span style=\"font-size: 18pt;\"><strong>Dampfboot &#8222;Charly&#8220;<\/strong><\/span><\/p>\n<p><img loading=\"lazy\" decoding=\"async\" class=\"alignnone wp-image-118\" src=\"https:\/\/nibe-modellbau.de\/wp-content\/uploads\/2025\/01\/Dampfboot-Charly.jpg\" alt=\"Dampfboot Charly, Dampf, Modell\" width=\"300\" height=\"171\" \/><\/p>\n<table id=\"tablepress-738\" class=\"tablepress tablepress-id-738\">\n<tbody class=\"row-striping row-hover\">\n<tr class=\"row-9\">\n<td class=\"column-2\"><span style=\"font-size: 14pt;\">Der Rumpf stammt von einem holl\u00e4ndischen Schleppboot. Diese Boote werden heute als Freizeitboote in den verschiedensten Versionen umgebaut.<\/span><\/p>\n<p><span style=\"font-size: 14pt;\">Ma\u00dfstab: 1:10<\/span><br \/>\n<span style=\"font-size: 14pt;\">L\u00e4nge: 52,5 cm<\/span><br \/>\n<span style=\"font-size: 14pt;\">Breite: 16 cm<\/span><br \/>\n<span style=\"font-size: 14pt;\">Zuladung: 1,2 kg<\/span><\/td>\n<\/tr>\n<\/tbody>\n<\/table>\n<p><span style=\"font-size: 14pt;\"><b>Preis auf Anfrage<\/b><\/span><\/p>\n<p><span style=\"font-size: 14pt;\"><b>Lieferbar: auf Anfrage<\/b><\/span><\/p>\n","protected":false},"excerpt":{"rendered":"<p>Dampfboot &#8222;Charly&#8220; Der Rumpf stammt von einem holl\u00e4ndischen Schleppboot. Diese Boote werden heute als Freizeitboote in den verschiedensten Versionen umgebaut. Ma\u00dfstab: 1:10 L\u00e4nge: 52,5 cm Breite: 16 cm Zuladung: 1,2 kg Preis auf Anfrage Lieferbar: auf Anfrage<\/p>\n","protected":false},"author":2,"featured_media":0,"parent":0,"menu_order":0,"comment_status":"closed","ping_status":"closed","template":"","meta":{"footnotes":""},"class_list":["post-171","page","type-page","status-publish","hentry"],"_links":{"self":[{"href":"https:\/\/nibe-modellbau.de\/index.php\/wp-json\/wp\/v2\/pages\/171","targetHints":{"allow":["GET"]}}],"collection":[{"href":"https:\/\/nibe-modellbau.de\/index.php\/wp-json\/wp\/v2\/pages"}],"about":[{"href":"https:\/\/nibe-modellbau.de\/index.php\/wp-json\/wp\/v2\/types\/page"}],"author":[{"embeddable":true,"href":"https:\/\/nibe-modellbau.de\/index.php\/wp-json\/wp\/v2\/users\/2"}],"replies":[{"embeddable":true,"href":"https:\/\/nibe-modellbau.de\/index.php\/wp-json\/wp\/v2\/comments?post=171"}],"version-history":[{"count":6,"href":"https:\/\/nibe-modellbau.de\/index.php\/wp-json\/wp\/v2\/pages\/171\/revisions"}],"predecessor-version":[{"id":501,"href":"https:\/\/nibe-modellbau.de\/index.php\/wp-json\/wp\/v2\/pages\/171\/revisions\/501"}],"wp:attachment":[{"href":"https:\/\/nibe-modellbau.de\/index.php\/wp-json\/wp\/v2\/media?parent=171"}],"curies":[{"name":"wp","href":"https:\/\/api.w.org\/{rel}","templated":true}]}}