{"id":256,"date":"2025-01-13T19:33:50","date_gmt":"2025-01-13T19:33:50","guid":{"rendered":"https:\/\/nibe-modellbau.de\/?page_id=256"},"modified":"2025-01-13T19:33:50","modified_gmt":"2025-01-13T19:33:50","slug":"niederelbe","status":"publish","type":"page","link":"https:\/\/nibe-modellbau.de\/index.php\/niederelbe\/","title":{"rendered":"&#8222;Niederelbe&#8220;"},"content":{"rendered":"<p><strong>Mess.- und Peilschiff &#8222;Niederelbe&#8220;<\/strong><\/p>\n<p><img loading=\"lazy\" decoding=\"async\" class=\"alignnone wp-image-254\" src=\"https:\/\/nibe-modellbau.de\/wp-content\/uploads\/2025\/01\/Mess.-und-Peilschiff-Niederelbe.jpg\" alt=\"\" width=\"300\" height=\"213\" \/><\/p>\n<p>Um die Schifffahrt auf der Elbe sicher zuhalten, werden st\u00e4ndig Messungen gemacht damit der Tiefgang f\u00fcr die Handelsschifffahrt gew\u00e4hrleistet ist. E kann leicht passieren das die Elbe versandet und dadurch der Tiefgang nicht mehr stimmt. Das schiff wurde auf einer Norddeutschen Werft an der Weser gebaut. Der Rumpf ist aus GFK, die Aufbauten aus Aluminium. Der Antrieb erfolgt durch zwei Jets. Der Bausatz wurde wieder \u00fcberarbeitet und neu aufgelegt, Der Rumpf ist aus GFK, Aufbau 1.5mm Polystyrol gefr\u00e4st, Fensterrahmen und Scheiben gefr\u00e4st. Zubeh\u00f6rteile aus Resin. und Zinngu\u00df. Ein Bauplan mit Bauanleitung sowie Beschriftungs &#8211; Set liegen bei.<\/p>\n<p>Ma\u00dfstab: 1:25<br \/>\nL\u00e4nge: 64 cm<br \/>\nBreite: 25,6 cm<br \/>\nZuladung: ca. 3 kg<\/p>\n","protected":false},"excerpt":{"rendered":"<p>Mess.- und Peilschiff &#8222;Niederelbe&#8220; Um die Schifffahrt auf der Elbe sicher zuhalten, werden st\u00e4ndig Messungen gemacht damit der Tiefgang f\u00fcr die Handelsschifffahrt gew\u00e4hrleistet ist. E kann leicht passieren das die Elbe versandet und dadurch der Tiefgang nicht mehr stimmt. Das schiff wurde auf einer Norddeutschen Werft an der Weser gebaut. Der Rumpf ist aus GFK,<\/p>\n<div class=\"more-link\">\n             <a href=\"https:\/\/nibe-modellbau.de\/index.php\/niederelbe\/\" class=\"link-btn\"><span>Weiterlesen <\/span><i class=\"icofont-thin-double-right\"><\/i><\/a>\n        <\/div>\n","protected":false},"author":2,"featured_media":0,"parent":0,"menu_order":0,"comment_status":"closed","ping_status":"closed","template":"","meta":{"footnotes":""},"class_list":["post-256","page","type-page","status-publish","hentry"],"_links":{"self":[{"href":"https:\/\/nibe-modellbau.de\/index.php\/wp-json\/wp\/v2\/pages\/256","targetHints":{"allow":["GET"]}}],"collection":[{"href":"https:\/\/nibe-modellbau.de\/index.php\/wp-json\/wp\/v2\/pages"}],"about":[{"href":"https:\/\/nibe-modellbau.de\/index.php\/wp-json\/wp\/v2\/types\/page"}],"author":[{"embeddable":true,"href":"https:\/\/nibe-modellbau.de\/index.php\/wp-json\/wp\/v2\/users\/2"}],"replies":[{"embeddable":true,"href":"https:\/\/nibe-modellbau.de\/index.php\/wp-json\/wp\/v2\/comments?post=256"}],"version-history":[{"count":1,"href":"https:\/\/nibe-modellbau.de\/index.php\/wp-json\/wp\/v2\/pages\/256\/revisions"}],"predecessor-version":[{"id":258,"href":"https:\/\/nibe-modellbau.de\/index.php\/wp-json\/wp\/v2\/pages\/256\/revisions\/258"}],"wp:attachment":[{"href":"https:\/\/nibe-modellbau.de\/index.php\/wp-json\/wp\/v2\/media?parent=256"}],"curies":[{"name":"wp","href":"https:\/\/api.w.org\/{rel}","templated":true}]}}