{"id":266,"date":"2025-01-13T19:53:04","date_gmt":"2025-01-13T19:53:04","guid":{"rendered":"https:\/\/nibe-modellbau.de\/?page_id=266"},"modified":"2025-01-13T19:53:04","modified_gmt":"2025-01-13T19:53:04","slug":"kleinschubboot-2230","status":"publish","type":"page","link":"https:\/\/nibe-modellbau.de\/index.php\/kleinschubboot-2230\/","title":{"rendered":"Kleinschubboot &#8222;2230&#8220;"},"content":{"rendered":"<p><strong>Kleinschubboot &#8222;2230&#8220;<\/strong><\/p>\n<p><img loading=\"lazy\" decoding=\"async\" class=\"alignnone size-full wp-image-121\" src=\"https:\/\/nibe-modellbau.de\/wp-content\/uploads\/2025\/01\/Kleinschubboot-2230.jpg\" alt=\"\" width=\"200\" height=\"150\" \/><\/p>\n<p>Dieser Schiffstyp wurde zur DDR-Zeit in gr\u00f6\u00dferer St\u00fcckzahl in unterschiedlichen Ausf\u00fchrungen gebaut. Der Antrieb ist ein Schottel vergleichbar mit einem Au\u00dfenbordmotor, der sich am Heck befindet. Noch heute f\u00e4hrt dieser Typ auf Kan\u00e4len und Fl\u00fcssen. Sie wurden alle unterschiedlich gebaut, bei einigen ist auf dem Aufbaudeck gleich hinter dem Steuerhaus auf der Stb-Seite eine Feuerl\u00f6schkreiselpumpe montiert. Wasser wird per Saugleitung \u00fcber Heck angesaugt und durch 4 B-Abg\u00e4nge auf der Stb-Seite abgegeben. Statt des Schottels hat das Modell einen Antrieb mit einer Kortd\u00fcse.<\/p>\n<p>Ma\u00dfstab: 1:20<br \/>\nL\u00e4nge: 52,9 cm<br \/>\nBreite: 25,5 cm<br \/>\nTiefgang: 4,7 cm<\/p>\n<p>&nbsp;<\/p>\n<p><b>Preis auf Anfrage<\/b><\/p>\n<p><b>Lieferzeit in Kl\u00e4rung<\/b><\/p>\n","protected":false},"excerpt":{"rendered":"<p>Kleinschubboot &#8222;2230&#8220; Dieser Schiffstyp wurde zur DDR-Zeit in gr\u00f6\u00dferer St\u00fcckzahl in unterschiedlichen Ausf\u00fchrungen gebaut. Der Antrieb ist ein Schottel vergleichbar mit einem Au\u00dfenbordmotor, der sich am Heck befindet. Noch heute f\u00e4hrt dieser Typ auf Kan\u00e4len und Fl\u00fcssen. Sie wurden alle unterschiedlich gebaut, bei einigen ist auf dem Aufbaudeck gleich hinter dem Steuerhaus auf der Stb-Seite<\/p>\n<div class=\"more-link\">\n             <a href=\"https:\/\/nibe-modellbau.de\/index.php\/kleinschubboot-2230\/\" class=\"link-btn\"><span>Weiterlesen <\/span><i class=\"icofont-thin-double-right\"><\/i><\/a>\n        <\/div>\n","protected":false},"author":2,"featured_media":0,"parent":0,"menu_order":0,"comment_status":"closed","ping_status":"closed","template":"","meta":{"footnotes":""},"class_list":["post-266","page","type-page","status-publish","hentry"],"_links":{"self":[{"href":"https:\/\/nibe-modellbau.de\/index.php\/wp-json\/wp\/v2\/pages\/266","targetHints":{"allow":["GET"]}}],"collection":[{"href":"https:\/\/nibe-modellbau.de\/index.php\/wp-json\/wp\/v2\/pages"}],"about":[{"href":"https:\/\/nibe-modellbau.de\/index.php\/wp-json\/wp\/v2\/types\/page"}],"author":[{"embeddable":true,"href":"https:\/\/nibe-modellbau.de\/index.php\/wp-json\/wp\/v2\/users\/2"}],"replies":[{"embeddable":true,"href":"https:\/\/nibe-modellbau.de\/index.php\/wp-json\/wp\/v2\/comments?post=266"}],"version-history":[{"count":1,"href":"https:\/\/nibe-modellbau.de\/index.php\/wp-json\/wp\/v2\/pages\/266\/revisions"}],"predecessor-version":[{"id":268,"href":"https:\/\/nibe-modellbau.de\/index.php\/wp-json\/wp\/v2\/pages\/266\/revisions\/268"}],"wp:attachment":[{"href":"https:\/\/nibe-modellbau.de\/index.php\/wp-json\/wp\/v2\/media?parent=266"}],"curies":[{"name":"wp","href":"https:\/\/api.w.org\/{rel}","templated":true}]}}