{"id":274,"date":"2025-01-13T20:03:03","date_gmt":"2025-01-13T20:03:03","guid":{"rendered":"https:\/\/nibe-modellbau.de\/?page_id=274"},"modified":"2025-01-13T20:03:03","modified_gmt":"2025-01-13T20:03:03","slug":"kleinstschubboot-allod","status":"publish","type":"page","link":"https:\/\/nibe-modellbau.de\/index.php\/kleinstschubboot-allod\/","title":{"rendered":"Kleinstschubboot &#8222;Allod&#8220;"},"content":{"rendered":"<p><strong>Kleinstschubboot &#8222;Allod&#8220;<\/strong><\/p>\n<p><img loading=\"lazy\" decoding=\"async\" class=\"alignnone wp-image-122\" src=\"https:\/\/nibe-modellbau.de\/wp-content\/uploads\/2025\/01\/Kleinstschubboot-Allod.jpg\" alt=\"\" width=\"300\" height=\"231\" \/><\/p>\n<p>Das Vorbild wurde 1966 in Duisburg gebaut und ist dort im Einsatz. Es war das erste Schiff dieser Art, das die Zulassung f\u00fcr Kanalfahrten erhielt. Heute, nach 40 Jahren, steht es zum Verkauf.<\/p>\n<p>Ma\u00dfstab: 1:25<br \/>\nL\u00e4nge: 40,0 cm<br \/>\nBreite: 23 cm<br \/>\nZuladung: ca.3 kg<\/p>\n<p><b>Preis auf Anfrage<\/b><\/p>\n<p><b>Lieferzeit in Kl\u00e4rung<\/b><\/p>\n","protected":false},"excerpt":{"rendered":"<p>Kleinstschubboot &#8222;Allod&#8220; Das Vorbild wurde 1966 in Duisburg gebaut und ist dort im Einsatz. Es war das erste Schiff dieser Art, das die Zulassung f\u00fcr Kanalfahrten erhielt. Heute, nach 40 Jahren, steht es zum Verkauf. Ma\u00dfstab: 1:25 L\u00e4nge: 40,0 cm Breite: 23 cm Zuladung: ca.3 kg Preis auf Anfrage Lieferzeit in Kl\u00e4rung<\/p>\n","protected":false},"author":2,"featured_media":0,"parent":0,"menu_order":0,"comment_status":"closed","ping_status":"closed","template":"","meta":{"footnotes":""},"class_list":["post-274","page","type-page","status-publish","hentry"],"_links":{"self":[{"href":"https:\/\/nibe-modellbau.de\/index.php\/wp-json\/wp\/v2\/pages\/274","targetHints":{"allow":["GET"]}}],"collection":[{"href":"https:\/\/nibe-modellbau.de\/index.php\/wp-json\/wp\/v2\/pages"}],"about":[{"href":"https:\/\/nibe-modellbau.de\/index.php\/wp-json\/wp\/v2\/types\/page"}],"author":[{"embeddable":true,"href":"https:\/\/nibe-modellbau.de\/index.php\/wp-json\/wp\/v2\/users\/2"}],"replies":[{"embeddable":true,"href":"https:\/\/nibe-modellbau.de\/index.php\/wp-json\/wp\/v2\/comments?post=274"}],"version-history":[{"count":1,"href":"https:\/\/nibe-modellbau.de\/index.php\/wp-json\/wp\/v2\/pages\/274\/revisions"}],"predecessor-version":[{"id":276,"href":"https:\/\/nibe-modellbau.de\/index.php\/wp-json\/wp\/v2\/pages\/274\/revisions\/276"}],"wp:attachment":[{"href":"https:\/\/nibe-modellbau.de\/index.php\/wp-json\/wp\/v2\/media?parent=274"}],"curies":[{"name":"wp","href":"https:\/\/api.w.org\/{rel}","templated":true}]}}