{"id":283,"date":"2025-01-13T20:11:47","date_gmt":"2025-01-13T20:11:47","guid":{"rendered":"https:\/\/nibe-modellbau.de\/?page_id=283"},"modified":"2025-01-13T20:11:47","modified_gmt":"2025-01-13T20:11:47","slug":"polizeiboot-w11","status":"publish","type":"page","link":"https:\/\/nibe-modellbau.de\/index.php\/polizeiboot-w11\/","title":{"rendered":"Polizeiboot &#8222;W11&#8220;"},"content":{"rendered":"<p><strong>Polizeiboot &#8222;W11&#8220;<\/strong><\/p>\n<p><img loading=\"lazy\" decoding=\"async\" class=\"alignnone wp-image-125\" src=\"https:\/\/nibe-modellbau.de\/wp-content\/uploads\/2025\/01\/Polizeiboot-W11.jpg\" alt=\"\" width=\"300\" height=\"127\" \/><\/p>\n<p>Dieses Boot wurde 1992 f\u00fcr die WS-Polizei Hannover aus Aluminium gebaut. Es hat das veralterte Boot ersetzt. Der Antrieb erfolgt durch zwei MWM-Motore mit je 110 kW. Das Einsatzgebiet ist der Mittelkanal und die angrenzenden Fl\u00fcsse.<br \/>\nMa\u00dfstab: 1:20<br \/>\nOriginal<br \/>\nL\u00e4nge: 15,65 m<br \/>\nBreite: 4,0 m<br \/>\nTiefgang: 0,90 m<\/p>\n<p><b>Preis auf Anfrage<\/b><\/p>\n<p><b>Lieferzeit in Kl\u00e4rung<\/b><\/p>\n","protected":false},"excerpt":{"rendered":"<p>Polizeiboot &#8222;W11&#8220; Dieses Boot wurde 1992 f\u00fcr die WS-Polizei Hannover aus Aluminium gebaut. Es hat das veralterte Boot ersetzt. Der Antrieb erfolgt durch zwei MWM-Motore mit je 110 kW. Das Einsatzgebiet ist der Mittelkanal und die angrenzenden Fl\u00fcsse. Ma\u00dfstab: 1:20 Original L\u00e4nge: 15,65 m Breite: 4,0 m Tiefgang: 0,90 m Preis auf Anfrage Lieferzeit in<\/p>\n<div class=\"more-link\">\n             <a href=\"https:\/\/nibe-modellbau.de\/index.php\/polizeiboot-w11\/\" class=\"link-btn\"><span>Weiterlesen <\/span><i class=\"icofont-thin-double-right\"><\/i><\/a>\n        <\/div>\n","protected":false},"author":2,"featured_media":0,"parent":0,"menu_order":0,"comment_status":"closed","ping_status":"closed","template":"","meta":{"footnotes":""},"class_list":["post-283","page","type-page","status-publish","hentry"],"_links":{"self":[{"href":"https:\/\/nibe-modellbau.de\/index.php\/wp-json\/wp\/v2\/pages\/283","targetHints":{"allow":["GET"]}}],"collection":[{"href":"https:\/\/nibe-modellbau.de\/index.php\/wp-json\/wp\/v2\/pages"}],"about":[{"href":"https:\/\/nibe-modellbau.de\/index.php\/wp-json\/wp\/v2\/types\/page"}],"author":[{"embeddable":true,"href":"https:\/\/nibe-modellbau.de\/index.php\/wp-json\/wp\/v2\/users\/2"}],"replies":[{"embeddable":true,"href":"https:\/\/nibe-modellbau.de\/index.php\/wp-json\/wp\/v2\/comments?post=283"}],"version-history":[{"count":1,"href":"https:\/\/nibe-modellbau.de\/index.php\/wp-json\/wp\/v2\/pages\/283\/revisions"}],"predecessor-version":[{"id":286,"href":"https:\/\/nibe-modellbau.de\/index.php\/wp-json\/wp\/v2\/pages\/283\/revisions\/286"}],"wp:attachment":[{"href":"https:\/\/nibe-modellbau.de\/index.php\/wp-json\/wp\/v2\/media?parent=283"}],"curies":[{"name":"wp","href":"https:\/\/api.w.org\/{rel}","templated":true}]}}