{"id":291,"date":"2025-01-13T20:20:03","date_gmt":"2025-01-13T20:20:03","guid":{"rendered":"https:\/\/nibe-modellbau.de\/?page_id=291"},"modified":"2025-01-13T20:20:03","modified_gmt":"2025-01-13T20:20:03","slug":"schlepper-giorgi-vataev","status":"publish","type":"page","link":"https:\/\/nibe-modellbau.de\/index.php\/schlepper-giorgi-vataev\/","title":{"rendered":"Schlepper &#8222;Giorgi Vataev&#8220;"},"content":{"rendered":"<p><strong>Schlepper &#8222;Giorgi Vataev&#8220;<\/strong><\/p>\n<p><img loading=\"lazy\" decoding=\"async\" class=\"alignnone wp-image-126\" src=\"https:\/\/nibe-modellbau.de\/wp-content\/uploads\/2025\/01\/Schlepper-Giorgi-Vataev.jpg\" alt=\"\" width=\"300\" height=\"225\" \/><\/p>\n<p>Der Schleppertyp wird wie am Fliesband in den verschiedensten Varianten gebaut. Die R\u00fcmpfe mit Aufbau, nur Stahlarbeiten, werden im Ostblock erstellt und dann nach Holland \u00fcberf\u00fchrt und auf der Werft entsprechend ausgebaut. Der Verkauf erfolgt weltweit. Dieser Schlepper wurde 2002 gebaut und hat 2 Caterpillar Motore mit je 806 kW. Die Geschwindigkeit betr\u00e4gt 10,2 kn.<br \/>\nMa\u00dfstab: 1:20<br \/>\nOriginal<br \/>\nL\u00e4nge: 16,65 m<br \/>\nBreite: 5,29 m<br \/>\nTiefgang: 2,20 m<\/p>\n<p><b>Preis auf Anfrage<\/b><\/p>\n<p><b>Lieferzeit in Kl\u00e4rung<\/b><\/p>\n","protected":false},"excerpt":{"rendered":"<p>Schlepper &#8222;Giorgi Vataev&#8220; Der Schleppertyp wird wie am Fliesband in den verschiedensten Varianten gebaut. Die R\u00fcmpfe mit Aufbau, nur Stahlarbeiten, werden im Ostblock erstellt und dann nach Holland \u00fcberf\u00fchrt und auf der Werft entsprechend ausgebaut. Der Verkauf erfolgt weltweit. Dieser Schlepper wurde 2002 gebaut und hat 2 Caterpillar Motore mit je 806 kW. Die Geschwindigkeit<\/p>\n<div class=\"more-link\">\n             <a href=\"https:\/\/nibe-modellbau.de\/index.php\/schlepper-giorgi-vataev\/\" class=\"link-btn\"><span>Weiterlesen <\/span><i class=\"icofont-thin-double-right\"><\/i><\/a>\n        <\/div>\n","protected":false},"author":2,"featured_media":0,"parent":0,"menu_order":0,"comment_status":"closed","ping_status":"closed","template":"","meta":{"footnotes":""},"class_list":["post-291","page","type-page","status-publish","hentry"],"_links":{"self":[{"href":"https:\/\/nibe-modellbau.de\/index.php\/wp-json\/wp\/v2\/pages\/291","targetHints":{"allow":["GET"]}}],"collection":[{"href":"https:\/\/nibe-modellbau.de\/index.php\/wp-json\/wp\/v2\/pages"}],"about":[{"href":"https:\/\/nibe-modellbau.de\/index.php\/wp-json\/wp\/v2\/types\/page"}],"author":[{"embeddable":true,"href":"https:\/\/nibe-modellbau.de\/index.php\/wp-json\/wp\/v2\/users\/2"}],"replies":[{"embeddable":true,"href":"https:\/\/nibe-modellbau.de\/index.php\/wp-json\/wp\/v2\/comments?post=291"}],"version-history":[{"count":1,"href":"https:\/\/nibe-modellbau.de\/index.php\/wp-json\/wp\/v2\/pages\/291\/revisions"}],"predecessor-version":[{"id":293,"href":"https:\/\/nibe-modellbau.de\/index.php\/wp-json\/wp\/v2\/pages\/291\/revisions\/293"}],"wp:attachment":[{"href":"https:\/\/nibe-modellbau.de\/index.php\/wp-json\/wp\/v2\/media?parent=291"}],"curies":[{"name":"wp","href":"https:\/\/api.w.org\/{rel}","templated":true}]}}