{"id":295,"date":"2025-01-13T20:23:59","date_gmt":"2025-01-13T20:23:59","guid":{"rendered":"https:\/\/nibe-modellbau.de\/?page_id=295"},"modified":"2025-01-13T20:23:59","modified_gmt":"2025-01-13T20:23:59","slug":"lotsenversetzboot-elbe-12","status":"publish","type":"page","link":"https:\/\/nibe-modellbau.de\/index.php\/lotsenversetzboot-elbe-12\/","title":{"rendered":"Lotsenversetzboot &#8222;Elbe 1+2&#8220;"},"content":{"rendered":"<p><strong>Lotsenversetzboot &#8222;Elbe 1+2&#8220;<\/strong><\/p>\n<p><img loading=\"lazy\" decoding=\"async\" class=\"alignnone wp-image-176\" src=\"https:\/\/nibe-modellbau.de\/wp-content\/uploads\/2025\/01\/Lotsenversetzboot-Elbe-1-2.jpg\" alt=\"\" width=\"300\" height=\"225\" \/><\/p>\n<p>Lotsenversetzboot Elbe 1 + 2 wurden im Jahre 2000 auf einer Norddeutschen Werft f\u00fcr das gro\u00dfe Lotsenboot Elbe gebaut.<br \/>\nDiese Boote sind f\u00fcr den schwerst Einsatz und als selbstaufrichtend gebaut. Bis zu sechs Lotsen k\u00f6nnen im Fahrgastraum mit genommen werden, Die breiten G\u00e4nge L\u00e4ngsseits erlauben ein gutes \u00fcbersteigen. Das gute Seeverhalten und optimale Man\u00f6vriereigenschaften auch beim R\u00fcckw\u00e4rtsfahren und achterlichter See beweisen das gute Fahrverhalten. Die Notrettungseinrichtung komplettiert die Ausr\u00fcstung. Die h\u00f6chst Geschwindigkeit betr\u00e4gt 18 kn.<br \/>\nMa\u00dfstab: 1:12<br \/>\nL\u00e4nge: 62 cm<br \/>\nBreite: 21,50 cm<\/p>\n<p><b>Preis auf Anfrage<\/b><\/p>\n<p><b>Lieferzeit in Kl\u00e4rung<\/b><\/p>\n","protected":false},"excerpt":{"rendered":"<p>Lotsenversetzboot &#8222;Elbe 1+2&#8220; Lotsenversetzboot Elbe 1 + 2 wurden im Jahre 2000 auf einer Norddeutschen Werft f\u00fcr das gro\u00dfe Lotsenboot Elbe gebaut. Diese Boote sind f\u00fcr den schwerst Einsatz und als selbstaufrichtend gebaut. Bis zu sechs Lotsen k\u00f6nnen im Fahrgastraum mit genommen werden, Die breiten G\u00e4nge L\u00e4ngsseits erlauben ein gutes \u00fcbersteigen. Das gute Seeverhalten und<\/p>\n<div class=\"more-link\">\n             <a href=\"https:\/\/nibe-modellbau.de\/index.php\/lotsenversetzboot-elbe-12\/\" class=\"link-btn\"><span>Weiterlesen <\/span><i class=\"icofont-thin-double-right\"><\/i><\/a>\n        <\/div>\n","protected":false},"author":2,"featured_media":0,"parent":0,"menu_order":0,"comment_status":"closed","ping_status":"closed","template":"","meta":{"footnotes":""},"class_list":["post-295","page","type-page","status-publish","hentry"],"_links":{"self":[{"href":"https:\/\/nibe-modellbau.de\/index.php\/wp-json\/wp\/v2\/pages\/295","targetHints":{"allow":["GET"]}}],"collection":[{"href":"https:\/\/nibe-modellbau.de\/index.php\/wp-json\/wp\/v2\/pages"}],"about":[{"href":"https:\/\/nibe-modellbau.de\/index.php\/wp-json\/wp\/v2\/types\/page"}],"author":[{"embeddable":true,"href":"https:\/\/nibe-modellbau.de\/index.php\/wp-json\/wp\/v2\/users\/2"}],"replies":[{"embeddable":true,"href":"https:\/\/nibe-modellbau.de\/index.php\/wp-json\/wp\/v2\/comments?post=295"}],"version-history":[{"count":1,"href":"https:\/\/nibe-modellbau.de\/index.php\/wp-json\/wp\/v2\/pages\/295\/revisions"}],"predecessor-version":[{"id":297,"href":"https:\/\/nibe-modellbau.de\/index.php\/wp-json\/wp\/v2\/pages\/295\/revisions\/297"}],"wp:attachment":[{"href":"https:\/\/nibe-modellbau.de\/index.php\/wp-json\/wp\/v2\/media?parent=295"}],"curies":[{"name":"wp","href":"https:\/\/api.w.org\/{rel}","templated":true}]}}