{"id":307,"date":"2025-01-13T20:31:13","date_gmt":"2025-01-13T20:31:13","guid":{"rendered":"https:\/\/nibe-modellbau.de\/?page_id=307"},"modified":"2025-01-13T20:31:13","modified_gmt":"2025-01-13T20:31:13","slug":"racer-king","status":"publish","type":"page","link":"https:\/\/nibe-modellbau.de\/index.php\/racer-king\/","title":{"rendered":"&#8222;Racer King&#8220;"},"content":{"rendered":"<p><strong>Sportboot &#8222;Racer King&#8220;<\/strong><\/p>\n<p><img loading=\"lazy\" decoding=\"async\" class=\"alignnone wp-image-180\" src=\"https:\/\/nibe-modellbau.de\/wp-content\/uploads\/2025\/01\/Sportboot-Racer-King.jpg\" alt=\"\" width=\"300\" height=\"225\" \/><\/p>\n<p>Ein Modell das es erm\u00f6glicht im Modellbau und Sport zu beginnen die auch gern ein schnelles Boot fahren m\u00f6chten zu einen kosteng\u00fcnstigen Betrag. Die Grundausstattung ist Epoxi &#8211; Rumpf mit Welle mit Bock, Kupplung, Ruderblatt mit Bock und Arm sowie Antenne. Ben\u00f6tigt wird zus\u00e4tzlich 7 Zellen f\u00fcr den Antrieb und ein 600 Race Speed 7,2 Volt Motor, 1 Graupner K34,5 Schraube und RC Anlage<\/p>\n<p>L\u00e4nge: 46,5 cm<br \/>\nBreite: 17,00 cm<br \/>\nGewicht: 150g<\/p>\n<p>&nbsp;<\/p>\n<p><b>Preis auf Anfrage<\/b><\/p>\n<p><b>Lieferzeit in Kl\u00e4rung<\/b><\/p>\n","protected":false},"excerpt":{"rendered":"<p>Sportboot &#8222;Racer King&#8220; Ein Modell das es erm\u00f6glicht im Modellbau und Sport zu beginnen die auch gern ein schnelles Boot fahren m\u00f6chten zu einen kosteng\u00fcnstigen Betrag. Die Grundausstattung ist Epoxi &#8211; Rumpf mit Welle mit Bock, Kupplung, Ruderblatt mit Bock und Arm sowie Antenne. Ben\u00f6tigt wird zus\u00e4tzlich 7 Zellen f\u00fcr den Antrieb und ein 600<\/p>\n<div class=\"more-link\">\n             <a href=\"https:\/\/nibe-modellbau.de\/index.php\/racer-king\/\" class=\"link-btn\"><span>Weiterlesen <\/span><i class=\"icofont-thin-double-right\"><\/i><\/a>\n        <\/div>\n","protected":false},"author":2,"featured_media":0,"parent":0,"menu_order":0,"comment_status":"closed","ping_status":"closed","template":"","meta":{"footnotes":""},"class_list":["post-307","page","type-page","status-publish","hentry"],"_links":{"self":[{"href":"https:\/\/nibe-modellbau.de\/index.php\/wp-json\/wp\/v2\/pages\/307","targetHints":{"allow":["GET"]}}],"collection":[{"href":"https:\/\/nibe-modellbau.de\/index.php\/wp-json\/wp\/v2\/pages"}],"about":[{"href":"https:\/\/nibe-modellbau.de\/index.php\/wp-json\/wp\/v2\/types\/page"}],"author":[{"embeddable":true,"href":"https:\/\/nibe-modellbau.de\/index.php\/wp-json\/wp\/v2\/users\/2"}],"replies":[{"embeddable":true,"href":"https:\/\/nibe-modellbau.de\/index.php\/wp-json\/wp\/v2\/comments?post=307"}],"version-history":[{"count":1,"href":"https:\/\/nibe-modellbau.de\/index.php\/wp-json\/wp\/v2\/pages\/307\/revisions"}],"predecessor-version":[{"id":310,"href":"https:\/\/nibe-modellbau.de\/index.php\/wp-json\/wp\/v2\/pages\/307\/revisions\/310"}],"wp:attachment":[{"href":"https:\/\/nibe-modellbau.de\/index.php\/wp-json\/wp\/v2\/media?parent=307"}],"curies":[{"name":"wp","href":"https:\/\/api.w.org\/{rel}","templated":true}]}}