{"id":311,"date":"2025-01-13T20:33:31","date_gmt":"2025-01-13T20:33:31","guid":{"rendered":"https:\/\/nibe-modellbau.de\/?page_id=311"},"modified":"2025-01-13T20:35:24","modified_gmt":"2025-01-13T20:35:24","slug":"wega-ii","status":"publish","type":"page","link":"https:\/\/nibe-modellbau.de\/index.php\/wega-ii\/","title":{"rendered":"&#8222;Wega II&#8220;"},"content":{"rendered":"<p><strong>Personenschiff &#8222;Wega II&#8220;<\/strong><\/p>\n<p><img loading=\"lazy\" decoding=\"async\" class=\"alignnone wp-image-312\" src=\"https:\/\/nibe-modellbau.de\/wp-content\/uploads\/2025\/01\/Personenschiff-Wega-II.jpg\" alt=\"\" width=\"300\" height=\"200\" \/><\/p>\n<p>Dieses Schiff wurde 1986 f\u00fcr Wattfahrt und gelegendlichen Fahrten zu den ostfriesischen Inseln innerhalb des Hoheitsgew\u00e4sser gebaut. Der Heimathafen ist Fedderwadersiel, von wo aus die Fahrten, von Fr\u00fchjahr bis Herbst, beginnen und enden. Die Reisen gehen zu den Seehundsb\u00e4nken, Bremerhaven u.s.w.. Man kann dieses Schiff f\u00fcr private und betriebliche Zwecke nutzen. Auch Vereine und Verb\u00e4nde k\u00f6nnen dieses Schiff chartern . Zugelassen ist dieses Schiff f\u00fcr 150 Personen wobei sich 140 Sitzpl\u00e4tze an Bord befinden. Die Maschinenleistung betr\u00e4gt 2x 74 KW, dadurch wird die Geschwindigkeit von 8 kn erreicht. Dieses Schiff wird von den Einheimischen liebevoll die Queen Mary vom Siel genannt.<br \/>\nMa\u00dfstab: 1:25<br \/>\nOriginal<br \/>\nL\u00e4nge: 20,22m<br \/>\nBreite: 6,44m<br \/>\nTiefgang: 0,85m<br \/>\nZuladung: 2-3kg<\/p>\n<p>&nbsp;<\/p>\n<p><b>Preis auf Anfrage<\/b><\/p>\n<p><b>Lieferzeit in Kl\u00e4rung<\/b><\/p>\n","protected":false},"excerpt":{"rendered":"<p>Personenschiff &#8222;Wega II&#8220; Dieses Schiff wurde 1986 f\u00fcr Wattfahrt und gelegendlichen Fahrten zu den ostfriesischen Inseln innerhalb des Hoheitsgew\u00e4sser gebaut. Der Heimathafen ist Fedderwadersiel, von wo aus die Fahrten, von Fr\u00fchjahr bis Herbst, beginnen und enden. Die Reisen gehen zu den Seehundsb\u00e4nken, Bremerhaven u.s.w.. Man kann dieses Schiff f\u00fcr private und betriebliche Zwecke nutzen. Auch<\/p>\n<div class=\"more-link\">\n             <a href=\"https:\/\/nibe-modellbau.de\/index.php\/wega-ii\/\" class=\"link-btn\"><span>Weiterlesen <\/span><i class=\"icofont-thin-double-right\"><\/i><\/a>\n        <\/div>\n","protected":false},"author":2,"featured_media":0,"parent":0,"menu_order":0,"comment_status":"closed","ping_status":"closed","template":"","meta":{"footnotes":""},"class_list":["post-311","page","type-page","status-publish","hentry"],"_links":{"self":[{"href":"https:\/\/nibe-modellbau.de\/index.php\/wp-json\/wp\/v2\/pages\/311","targetHints":{"allow":["GET"]}}],"collection":[{"href":"https:\/\/nibe-modellbau.de\/index.php\/wp-json\/wp\/v2\/pages"}],"about":[{"href":"https:\/\/nibe-modellbau.de\/index.php\/wp-json\/wp\/v2\/types\/page"}],"author":[{"embeddable":true,"href":"https:\/\/nibe-modellbau.de\/index.php\/wp-json\/wp\/v2\/users\/2"}],"replies":[{"embeddable":true,"href":"https:\/\/nibe-modellbau.de\/index.php\/wp-json\/wp\/v2\/comments?post=311"}],"version-history":[{"count":1,"href":"https:\/\/nibe-modellbau.de\/index.php\/wp-json\/wp\/v2\/pages\/311\/revisions"}],"predecessor-version":[{"id":314,"href":"https:\/\/nibe-modellbau.de\/index.php\/wp-json\/wp\/v2\/pages\/311\/revisions\/314"}],"wp:attachment":[{"href":"https:\/\/nibe-modellbau.de\/index.php\/wp-json\/wp\/v2\/media?parent=311"}],"curies":[{"name":"wp","href":"https:\/\/api.w.org\/{rel}","templated":true}]}}