{"id":316,"date":"2025-01-13T20:36:34","date_gmt":"2025-01-13T20:36:34","guid":{"rendered":"https:\/\/nibe-modellbau.de\/?page_id=316"},"modified":"2025-01-13T20:36:34","modified_gmt":"2025-01-13T20:36:34","slug":"zoll-kontrollboot-vitt","status":"publish","type":"page","link":"https:\/\/nibe-modellbau.de\/index.php\/zoll-kontrollboot-vitt\/","title":{"rendered":"Zoll &#8211; Kontrollboot &#8222;VITT&#8220;"},"content":{"rendered":"<p><strong>Zoll &#8211; Kontrollboot &#8222;VITT&#8220;<\/strong><\/p>\n<p><img loading=\"lazy\" decoding=\"async\" class=\"alignnone wp-image-317\" src=\"https:\/\/nibe-modellbau.de\/wp-content\/uploads\/2025\/01\/Zoll-Kontrollboot-VITT.jpg\" alt=\"\" width=\"300\" height=\"225\" \/><\/p>\n<p>&nbsp;<\/p>\n<table id=\"tablepress-738\" class=\"tablepress tablepress-id-738\">\n<tbody class=\"row-striping row-hover\">\n<tr class=\"row-26\">\n<td class=\"column-2\">Der Zoll entschloss sich die alten Tochterboote der 38m und 28m Klasse die sich in der Heckwanne der Kreuzer befanden, durch neue Ribs &#8211; Boote zu ersetzen. Diese sind schneller und beweglicher, die alten Tochterboote waren langsamer und schwerf\u00e4llig somit hat man immer das Nachsehen im Einsatz.. Die neuen Ribs &#8211; Boote, Rumpf und Aufbau sind aus Aluminium, der Schlauch Hartgummi der ausgesch\u00e4umt ist. Diese Boote erreichen eine Geschwindigkeit \u00fcber 25 Kn bei einer Motorleistung von 212 PS der den Jet antreibt. Die Besatzung besteht aus 4 Mann. Falls das Boot eine Schlagseite oder kentern sollte, daf\u00fcr gibt es einen Airbag der auf den \u00dcberrollb\u00fcgel befestigt ist und durch einen Knopfdruck ausgel\u00f6st werden kann. Das Treibgas besteht aus einer Mischung von Karbelin &#8211; Dioxyd &#8211; Nietrogen, dadurch wird das Boot wieder aufgerichtet. Vitt geh\u00f6rt zu den Kreuzer R\u00fcgen.<\/p>\n<p>Ma\u00dfstab: 1:10<br \/>\nL\u00e4nge: 65,0 cm<br \/>\nBreite: 25,0 cm<\/td>\n<\/tr>\n<\/tbody>\n<\/table>\n<p>&nbsp;<\/p>\n<p><b>Preis auf Anfrage<\/b><\/p>\n<p><b>Lieferzeit in Kl\u00e4rung<\/b><\/p>\n","protected":false},"excerpt":{"rendered":"<p>Zoll &#8211; Kontrollboot &#8222;VITT&#8220; &nbsp; Der Zoll entschloss sich die alten Tochterboote der 38m und 28m Klasse die sich in der Heckwanne der Kreuzer befanden, durch neue Ribs &#8211; Boote zu ersetzen. Diese sind schneller und beweglicher, die alten Tochterboote waren langsamer und schwerf\u00e4llig somit hat man immer das Nachsehen im Einsatz.. Die neuen Ribs<\/p>\n<div class=\"more-link\">\n             <a href=\"https:\/\/nibe-modellbau.de\/index.php\/zoll-kontrollboot-vitt\/\" class=\"link-btn\"><span>Weiterlesen <\/span><i class=\"icofont-thin-double-right\"><\/i><\/a>\n        <\/div>\n","protected":false},"author":2,"featured_media":0,"parent":0,"menu_order":0,"comment_status":"closed","ping_status":"closed","template":"","meta":{"footnotes":""},"class_list":["post-316","page","type-page","status-publish","hentry"],"_links":{"self":[{"href":"https:\/\/nibe-modellbau.de\/index.php\/wp-json\/wp\/v2\/pages\/316","targetHints":{"allow":["GET"]}}],"collection":[{"href":"https:\/\/nibe-modellbau.de\/index.php\/wp-json\/wp\/v2\/pages"}],"about":[{"href":"https:\/\/nibe-modellbau.de\/index.php\/wp-json\/wp\/v2\/types\/page"}],"author":[{"embeddable":true,"href":"https:\/\/nibe-modellbau.de\/index.php\/wp-json\/wp\/v2\/users\/2"}],"replies":[{"embeddable":true,"href":"https:\/\/nibe-modellbau.de\/index.php\/wp-json\/wp\/v2\/comments?post=316"}],"version-history":[{"count":1,"href":"https:\/\/nibe-modellbau.de\/index.php\/wp-json\/wp\/v2\/pages\/316\/revisions"}],"predecessor-version":[{"id":319,"href":"https:\/\/nibe-modellbau.de\/index.php\/wp-json\/wp\/v2\/pages\/316\/revisions\/319"}],"wp:attachment":[{"href":"https:\/\/nibe-modellbau.de\/index.php\/wp-json\/wp\/v2\/media?parent=316"}],"curies":[{"name":"wp","href":"https:\/\/api.w.org\/{rel}","templated":true}]}}