{"id":321,"date":"2025-01-13T20:40:44","date_gmt":"2025-01-13T20:40:44","guid":{"rendered":"https:\/\/nibe-modellbau.de\/?page_id=321"},"modified":"2025-01-13T20:40:44","modified_gmt":"2025-01-13T20:40:44","slug":"sumpfgleiter","status":"publish","type":"page","link":"https:\/\/nibe-modellbau.de\/index.php\/sumpfgleiter\/","title":{"rendered":"Sumpfgleiter"},"content":{"rendered":"<p><strong>Sumpfgleiter<\/strong><\/p>\n<p><img loading=\"lazy\" decoding=\"async\" class=\"alignnone wp-image-322\" src=\"https:\/\/nibe-modellbau.de\/wp-content\/uploads\/2025\/01\/Sumpfgleiter.jpg\" alt=\"\" width=\"299\" height=\"200\" \/><\/p>\n<p>Auf den gro\u00dfen Sumpfgel\u00e4nden in der Welt werden Sumpfgleiter eingesetzt. Diese dienen als Arbeits,- zur Personenbef\u00f6rderung und als Freizeitgleiter. Sie werden in den verschiedensten Bauweisen gebaut. Hier eine Werkstoffpackung der Rumpf wird aus 1,5mm gefr\u00e4sten Polystyrolteilen zusammen gebaut, Halterung f\u00fcr den Motor ist aus 2mm Polystyrol, F\u00fcr die Halterung der verschiedensten Motor gibt es eine Grundplatte aus der man die Halterung f\u00fcr den gew\u00e4hlten Motor fertigen kann. Den Motorst\u00e4nder kann man in dem man diesen 180\u00b0 dreht f\u00fcr Zug,- oder Druckschrauben benutzen. Als Motore eignen sich der 400 Speed-Motor oder \u00e4hnlich, so wie Brushless &#8211; Motore, die Luftschrauben mu\u00df man entsprechend des Motors anpassen. 6-8 NC Zellen k\u00f6nnen zum Antrieb genommen werden. Das Modell hat folgende Ma\u00dfe L\u00e4nge 44,2cm (\u00fc.a.49,8cm), Breite 16,6cm (\u00fc.a. 18,0cm), Rumpfh\u00f6he 4,0cm (\u00fc.a.23,2cm). Das Modell gibt es nur in der Grundausstattung ohne jegliches Zubeh\u00f6r mit entsprechender Bauanleitung und Zeichnung f\u00fcr den Schutzkorb.<\/p>\n<p>&nbsp;<\/p>\n<p><b>Preis auf Anfrage<\/b><\/p>\n<p><b>Lieferzeit in Kl\u00e4rung<\/b><\/p>\n","protected":false},"excerpt":{"rendered":"<p>Sumpfgleiter Auf den gro\u00dfen Sumpfgel\u00e4nden in der Welt werden Sumpfgleiter eingesetzt. Diese dienen als Arbeits,- zur Personenbef\u00f6rderung und als Freizeitgleiter. Sie werden in den verschiedensten Bauweisen gebaut. Hier eine Werkstoffpackung der Rumpf wird aus 1,5mm gefr\u00e4sten Polystyrolteilen zusammen gebaut, Halterung f\u00fcr den Motor ist aus 2mm Polystyrol, F\u00fcr die Halterung der verschiedensten Motor gibt es<\/p>\n<div class=\"more-link\">\n             <a href=\"https:\/\/nibe-modellbau.de\/index.php\/sumpfgleiter\/\" class=\"link-btn\"><span>Weiterlesen <\/span><i class=\"icofont-thin-double-right\"><\/i><\/a>\n        <\/div>\n","protected":false},"author":2,"featured_media":0,"parent":0,"menu_order":0,"comment_status":"closed","ping_status":"closed","template":"","meta":{"footnotes":""},"class_list":["post-321","page","type-page","status-publish","hentry"],"_links":{"self":[{"href":"https:\/\/nibe-modellbau.de\/index.php\/wp-json\/wp\/v2\/pages\/321","targetHints":{"allow":["GET"]}}],"collection":[{"href":"https:\/\/nibe-modellbau.de\/index.php\/wp-json\/wp\/v2\/pages"}],"about":[{"href":"https:\/\/nibe-modellbau.de\/index.php\/wp-json\/wp\/v2\/types\/page"}],"author":[{"embeddable":true,"href":"https:\/\/nibe-modellbau.de\/index.php\/wp-json\/wp\/v2\/users\/2"}],"replies":[{"embeddable":true,"href":"https:\/\/nibe-modellbau.de\/index.php\/wp-json\/wp\/v2\/comments?post=321"}],"version-history":[{"count":1,"href":"https:\/\/nibe-modellbau.de\/index.php\/wp-json\/wp\/v2\/pages\/321\/revisions"}],"predecessor-version":[{"id":324,"href":"https:\/\/nibe-modellbau.de\/index.php\/wp-json\/wp\/v2\/pages\/321\/revisions\/324"}],"wp:attachment":[{"href":"https:\/\/nibe-modellbau.de\/index.php\/wp-json\/wp\/v2\/media?parent=321"}],"curies":[{"name":"wp","href":"https:\/\/api.w.org\/{rel}","templated":true}]}}