{"id":326,"date":"2025-01-13T20:42:35","date_gmt":"2025-01-13T20:42:35","guid":{"rendered":"https:\/\/nibe-modellbau.de\/?page_id=326"},"modified":"2025-06-18T21:37:34","modified_gmt":"2025-06-18T21:37:34","slug":"joetunn-stan-tug-1907-schlepper","status":"publish","type":"page","link":"https:\/\/nibe-modellbau.de\/index.php\/joetunn-stan-tug-1907-schlepper\/","title":{"rendered":"&#8222;J\u00f6tunn&#8220;"},"content":{"rendered":"<p><strong>Stan Tug 1907 &#8222;J\u00f6tunn&#8220;<\/strong><\/p>\n<p><img loading=\"lazy\" decoding=\"async\" class=\"alignnone wp-image-327\" src=\"https:\/\/nibe-modellbau.de\/wp-content\/uploads\/2025\/01\/Stan-Tug-1907-Jotunn.jpg\" alt=\"\" width=\"300\" height=\"201\" \/><\/p>\n<p>11-2008 wurde der Schlepper &#8222;J\u00f6tunn&#8220; unter Isl\u00e4ndischer Flagge in Dienst gestellt, gebaut wurde er auf der Damen-Werft.<br \/>\nEs gibt noch einen weiteren davon, in einer anderer Farbgebung und mit weiteren \u00c4nderungen auf dem Arbeitsdeck.<br \/>\n2 Motore von 1492 kW bringen den Schlepper auf eine Geschwindigkeit 11,6 Knoten.<br \/>\nDie Besatzung besteht aus 3 Mann. Das Einsatzgebiet ist der Hafen von Grunartangi.<br \/>\nVermutlich wird dieser auch als Pilotboot eingesetzt da er vorn rechts und links Plattformen f\u00fcr den Umstieg hat.<\/p>\n<p>Ma\u00dfstab: 1:25<br \/>\nOriginal<br \/>\nL\u00e4nge \u00fc.a.: 19,33m (77,3cm)<br \/>\nBreite: 7,33m (29,3cm)<br \/>\nTiefgang: 2,39m (9,5cm)<\/p>\n<p>&nbsp;<\/p>\n<p><b>Preis: 459\u20ac<\/b><\/p>\n<p>&nbsp;<\/p>\n<p><em><strong>Optional:<\/strong><\/em><\/p>\n<p><strong>Antriebsset: 29,95\u20ac<\/strong><\/p>\n<p>&nbsp;<\/p>\n<p><b>Lieferzeit: sofort lieferbar<\/b><\/p>\n","protected":false},"excerpt":{"rendered":"<p>Stan Tug 1907 &#8222;J\u00f6tunn&#8220; 11-2008 wurde der Schlepper &#8222;J\u00f6tunn&#8220; unter Isl\u00e4ndischer Flagge in Dienst gestellt, gebaut wurde er auf der Damen-Werft. Es gibt noch einen weiteren davon, in einer anderer Farbgebung und mit weiteren \u00c4nderungen auf dem Arbeitsdeck. 2 Motore von 1492 kW bringen den Schlepper auf eine Geschwindigkeit 11,6 Knoten. Die Besatzung besteht aus<\/p>\n<div class=\"more-link\">\n             <a href=\"https:\/\/nibe-modellbau.de\/index.php\/joetunn-stan-tug-1907-schlepper\/\" class=\"link-btn\"><span>Weiterlesen <\/span><i class=\"icofont-thin-double-right\"><\/i><\/a>\n        <\/div>\n","protected":false},"author":2,"featured_media":0,"parent":0,"menu_order":0,"comment_status":"closed","ping_status":"closed","template":"","meta":{"footnotes":""},"class_list":["post-326","page","type-page","status-publish","hentry"],"_links":{"self":[{"href":"https:\/\/nibe-modellbau.de\/index.php\/wp-json\/wp\/v2\/pages\/326","targetHints":{"allow":["GET"]}}],"collection":[{"href":"https:\/\/nibe-modellbau.de\/index.php\/wp-json\/wp\/v2\/pages"}],"about":[{"href":"https:\/\/nibe-modellbau.de\/index.php\/wp-json\/wp\/v2\/types\/page"}],"author":[{"embeddable":true,"href":"https:\/\/nibe-modellbau.de\/index.php\/wp-json\/wp\/v2\/users\/2"}],"replies":[{"embeddable":true,"href":"https:\/\/nibe-modellbau.de\/index.php\/wp-json\/wp\/v2\/comments?post=326"}],"version-history":[{"count":5,"href":"https:\/\/nibe-modellbau.de\/index.php\/wp-json\/wp\/v2\/pages\/326\/revisions"}],"predecessor-version":[{"id":509,"href":"https:\/\/nibe-modellbau.de\/index.php\/wp-json\/wp\/v2\/pages\/326\/revisions\/509"}],"wp:attachment":[{"href":"https:\/\/nibe-modellbau.de\/index.php\/wp-json\/wp\/v2\/media?parent=326"}],"curies":[{"name":"wp","href":"https:\/\/api.w.org\/{rel}","templated":true}]}}