{"id":331,"date":"2025-01-13T20:46:49","date_gmt":"2025-01-13T20:46:49","guid":{"rendered":"https:\/\/nibe-modellbau.de\/?page_id=331"},"modified":"2025-01-13T20:46:49","modified_gmt":"2025-01-13T20:46:49","slug":"windcat","status":"publish","type":"page","link":"https:\/\/nibe-modellbau.de\/index.php\/windcat\/","title":{"rendered":"Windcat"},"content":{"rendered":"<p><strong>Windcat<\/strong><\/p>\n<p><img loading=\"lazy\" decoding=\"async\" class=\"alignnone wp-image-332\" src=\"https:\/\/nibe-modellbau.de\/wp-content\/uploads\/2025\/01\/Windcat.jpg\" alt=\"\" width=\"300\" height=\"200\" \/><\/p>\n<table id=\"tablepress-738\" class=\"tablepress tablepress-id-738\">\n<tbody class=\"row-striping row-hover\">\n<tr class=\"row-29\">\n<td class=\"column-2\">Zusammen mit Windcat Worksboat wurde das Unternehmen FFS Offshore 2010 gegr\u00fcndet, um in K\u00fcstennahen und fernen Logistikaufgaben zu \u00fcbernehmen.<br \/>\nWindcat Worksboat ist in Europa der f\u00fchrernste Anbieter f\u00fcr Crewtransfer usw. mit spezial Schiffen im Bereich Offshore.<br \/>\nDie Tochtergesellschaft FRS Gruppe ist f\u00fchrend mit Betreiben von Highspeed Katamaranen, die eine L\u00e4nge von 13m -28m haben.<br \/>\nDavon gibt es 12 verschiedene Typen mit Schrauben und Jetantrieb. Der Bestand besteht zur Zeit an fast 100 Schiffen in und au\u00dferhalb Europas.<br \/>\nVon diesen Typ gibt es 7 Schiffe mit der Bezeichnung 1, 12, 14, 15, 16, 18, 20. Diese haben eine L\u00e4nge von 18,00m bei einer Breite von 7,10m und einen Tiefgang von 1,90m. Angetrieben mit 2 Volvo D16 MH Motore mit 1104 kw, die Spitzengeschwindigkeit betr\u00e4gt 28Kn. Ausger\u00fcstet sind sie mit einen Hub Kran der 4to heben kann.<br \/>\nMa\u00dfstab: 1:25<br \/>\nModell- L\u00e4nge: 71,7 cm<br \/>\nBreite: 28,2 cm<br \/>\nTiefgang : 7,8 cm<\/td>\n<\/tr>\n<\/tbody>\n<\/table>\n<p><b>Preis auf Anfrage<\/b><\/p>\n<p><b>Lieferzeit in Kl\u00e4rung<\/b><\/p>\n","protected":false},"excerpt":{"rendered":"<p>Windcat Zusammen mit Windcat Worksboat wurde das Unternehmen FFS Offshore 2010 gegr\u00fcndet, um in K\u00fcstennahen und fernen Logistikaufgaben zu \u00fcbernehmen. Windcat Worksboat ist in Europa der f\u00fchrernste Anbieter f\u00fcr Crewtransfer usw. mit spezial Schiffen im Bereich Offshore. Die Tochtergesellschaft FRS Gruppe ist f\u00fchrend mit Betreiben von Highspeed Katamaranen, die eine L\u00e4nge von 13m -28m haben.<\/p>\n<div class=\"more-link\">\n             <a href=\"https:\/\/nibe-modellbau.de\/index.php\/windcat\/\" class=\"link-btn\"><span>Weiterlesen <\/span><i class=\"icofont-thin-double-right\"><\/i><\/a>\n        <\/div>\n","protected":false},"author":2,"featured_media":0,"parent":0,"menu_order":0,"comment_status":"closed","ping_status":"closed","template":"","meta":{"footnotes":""},"class_list":["post-331","page","type-page","status-publish","hentry"],"_links":{"self":[{"href":"https:\/\/nibe-modellbau.de\/index.php\/wp-json\/wp\/v2\/pages\/331","targetHints":{"allow":["GET"]}}],"collection":[{"href":"https:\/\/nibe-modellbau.de\/index.php\/wp-json\/wp\/v2\/pages"}],"about":[{"href":"https:\/\/nibe-modellbau.de\/index.php\/wp-json\/wp\/v2\/types\/page"}],"author":[{"embeddable":true,"href":"https:\/\/nibe-modellbau.de\/index.php\/wp-json\/wp\/v2\/users\/2"}],"replies":[{"embeddable":true,"href":"https:\/\/nibe-modellbau.de\/index.php\/wp-json\/wp\/v2\/comments?post=331"}],"version-history":[{"count":1,"href":"https:\/\/nibe-modellbau.de\/index.php\/wp-json\/wp\/v2\/pages\/331\/revisions"}],"predecessor-version":[{"id":334,"href":"https:\/\/nibe-modellbau.de\/index.php\/wp-json\/wp\/v2\/pages\/331\/revisions\/334"}],"wp:attachment":[{"href":"https:\/\/nibe-modellbau.de\/index.php\/wp-json\/wp\/v2\/media?parent=331"}],"curies":[{"name":"wp","href":"https:\/\/api.w.org\/{rel}","templated":true}]}}