{"id":341,"date":"2025-01-13T20:52:02","date_gmt":"2025-01-13T20:52:02","guid":{"rendered":"https:\/\/nibe-modellbau.de\/?page_id=341"},"modified":"2025-01-13T20:52:40","modified_gmt":"2025-01-13T20:52:40","slug":"motorschlepper-wulf-5","status":"publish","type":"page","link":"https:\/\/nibe-modellbau.de\/index.php\/motorschlepper-wulf-5\/","title":{"rendered":"Motorschlepper Wulf 5"},"content":{"rendered":"<p><strong>Motorschlepper Wulf 5<\/strong><\/p>\n<p><img loading=\"lazy\" decoding=\"async\" class=\"alignnone wp-image-342\" src=\"https:\/\/nibe-modellbau.de\/wp-content\/uploads\/2025\/01\/Motorschlepper-Wulf-5.jpg\" alt=\"\" width=\"300\" height=\"200\" \/><\/p>\n<table id=\"tablepress-738\" class=\"tablepress tablepress-id-738\">\n<tbody class=\"row-striping row-hover\">\n<tr class=\"row-32\">\n<td class=\"column-2\">Dieser Schlepper wurde 1968 auf der M\u00fctzelfeld Werft Cuxhaven mit zwei weiteren Neubauten wie Constant ,Adrett unter den Namen Accurat Bau Nr. 179 f\u00fcr L\u00fctgen&amp; Reimers, Hamburg gebaut.<br \/>\nAm 20.12.68 war die \u00dcbergabe. Eingesetzt wurde er in Brunsb\u00fcttel und B\u00fctzenfleth.<br \/>\n1972 wurde auf der Kremer Werft eine ausfahrbare Feuerl\u00f6schkanonen hinter den Schornstein eingebaut, welche jedoch wieder entfernt wurde.<br \/>\nM\u00e4rz 1994 wurde der Schlepper an die Wulf Reederei Cuxhaven verkauft und bekam den Namen Taucher O.Wulf 5.<br \/>\n2006 wurde dieser dann in Rostock stationiert, Dezember 2017 wurde er dort abgezogen, weil er keine weitere Zulassung bekommen hat.<br \/>\nDa die Instandsetzungskosten erheblich waren, entschloss man sich diesen in D\u00e4nemark verschrotten zu lassen.Aber ehe es dazu kam, fand sich ein K\u00e4ufer aus Rum\u00e4nien, der diesen erwarb. Nach einigen Reparaturkosten die der K\u00e4ufer \u00fcbernahm, konnte der Schlepper Deutschland verlassen. Dort erhielt er den Namen Canal Service.<\/p>\n<p>Der Motor hatte eine Leistung von 1200 PS, die f\u00fcr die heutigen Aufgaben zu gering waren. Die Besatzung bestand aus 4 Mann.<br \/>\nDer 1 Schraubenantrieb erfolgte in einen Kordd\u00fcsenruder, dadurch wurde eine Geschwindigkeit von 12 Knoten erreicht.<br \/>\nMa\u00dfstab: 1:33<br \/>\nBaujahr: 1971<br \/>\nL\u00e4nge (Original \u00fc.A.): 29,6 m<br \/>\nBreite: 7,92 m<br \/>\nTiefgang: 3,70 m<\/td>\n<\/tr>\n<\/tbody>\n<\/table>\n<p><b>Preis auf Anfrage<\/b><\/p>\n<p><b>Lieferzeit in Kl\u00e4rung<\/b><\/p>\n","protected":false},"excerpt":{"rendered":"<p>Motorschlepper Wulf 5 Dieser Schlepper wurde 1968 auf der M\u00fctzelfeld Werft Cuxhaven mit zwei weiteren Neubauten wie Constant ,Adrett unter den Namen Accurat Bau Nr. 179 f\u00fcr L\u00fctgen&amp; Reimers, Hamburg gebaut. Am 20.12.68 war die \u00dcbergabe. Eingesetzt wurde er in Brunsb\u00fcttel und B\u00fctzenfleth. 1972 wurde auf der Kremer Werft eine ausfahrbare Feuerl\u00f6schkanonen hinter den Schornstein<\/p>\n<div class=\"more-link\">\n             <a href=\"https:\/\/nibe-modellbau.de\/index.php\/motorschlepper-wulf-5\/\" class=\"link-btn\"><span>Weiterlesen <\/span><i class=\"icofont-thin-double-right\"><\/i><\/a>\n        <\/div>\n","protected":false},"author":2,"featured_media":0,"parent":0,"menu_order":0,"comment_status":"closed","ping_status":"closed","template":"","meta":{"footnotes":""},"class_list":["post-341","page","type-page","status-publish","hentry"],"_links":{"self":[{"href":"https:\/\/nibe-modellbau.de\/index.php\/wp-json\/wp\/v2\/pages\/341","targetHints":{"allow":["GET"]}}],"collection":[{"href":"https:\/\/nibe-modellbau.de\/index.php\/wp-json\/wp\/v2\/pages"}],"about":[{"href":"https:\/\/nibe-modellbau.de\/index.php\/wp-json\/wp\/v2\/types\/page"}],"author":[{"embeddable":true,"href":"https:\/\/nibe-modellbau.de\/index.php\/wp-json\/wp\/v2\/users\/2"}],"replies":[{"embeddable":true,"href":"https:\/\/nibe-modellbau.de\/index.php\/wp-json\/wp\/v2\/comments?post=341"}],"version-history":[{"count":2,"href":"https:\/\/nibe-modellbau.de\/index.php\/wp-json\/wp\/v2\/pages\/341\/revisions"}],"predecessor-version":[{"id":345,"href":"https:\/\/nibe-modellbau.de\/index.php\/wp-json\/wp\/v2\/pages\/341\/revisions\/345"}],"wp:attachment":[{"href":"https:\/\/nibe-modellbau.de\/index.php\/wp-json\/wp\/v2\/media?parent=341"}],"curies":[{"name":"wp","href":"https:\/\/api.w.org\/{rel}","templated":true}]}}