{"id":358,"date":"2025-01-13T21:05:08","date_gmt":"2025-01-13T21:05:08","guid":{"rendered":"https:\/\/nibe-modellbau.de\/?page_id=358"},"modified":"2025-01-13T21:05:08","modified_gmt":"2025-01-13T21:05:08","slug":"hafenbarkasse-otter","status":"publish","type":"page","link":"https:\/\/nibe-modellbau.de\/index.php\/hafenbarkasse-otter\/","title":{"rendered":"Hafenbarkasse Otter"},"content":{"rendered":"<p><strong>Hafenbarkasse Otter<\/strong><\/p>\n<p><img loading=\"lazy\" decoding=\"async\" class=\"alignnone wp-image-359\" src=\"https:\/\/nibe-modellbau.de\/wp-content\/uploads\/2025\/01\/Hafenbarkasse-Otter.jpg\" alt=\"\" width=\"300\" height=\"200\" \/><\/p>\n<p>Das Schiff wurde 1923 auf der Bertram Werft Hamburg als Schlepp- Barkasse gebaut.<br \/>\nVerrichtete mehr oder weniger diese Arbeiten bis es keine Verwendung mehr gab.<br \/>\n1986 war dann der erste Umbau als Fahrgastschiff f\u00fcr die Reederei Carstensen Hafentouristik und hatte den Namen Stadt Otterndorf und war auf der Oste eingesetzt.<br \/>\n1989 erfolgte ein weiterer Umbau und f\u00e4hrt seit 2005 als Otter f\u00fcr die Fluss Hafentouristik Herbon in Cuxhaven. Die Zulassung f\u00fcr das Freideck liegt bei 86 Personen.<br \/>\nIn Cuxhaven zust\u00e4ndig f\u00fcr Hafenrundfahrten sowie Fahrten zu den Seehundsb\u00e4nken und Sonderfahrten, je nach anfrage.<br \/>\nMa\u00dfstab: 1:25<br \/>\nOriginal-L\u00e4nge: 18,90 m<br \/>\nBreite: 4,75 m<br \/>\nTiefgang: 1,26m<\/p>\n<p><b>Preis auf Anfrage<\/b><\/p>\n<p><b>Lieferzeit in Kl\u00e4rung<\/b><\/p>\n","protected":false},"excerpt":{"rendered":"<p>Hafenbarkasse Otter Das Schiff wurde 1923 auf der Bertram Werft Hamburg als Schlepp- Barkasse gebaut. Verrichtete mehr oder weniger diese Arbeiten bis es keine Verwendung mehr gab. 1986 war dann der erste Umbau als Fahrgastschiff f\u00fcr die Reederei Carstensen Hafentouristik und hatte den Namen Stadt Otterndorf und war auf der Oste eingesetzt. 1989 erfolgte ein<\/p>\n<div class=\"more-link\">\n             <a href=\"https:\/\/nibe-modellbau.de\/index.php\/hafenbarkasse-otter\/\" class=\"link-btn\"><span>Weiterlesen <\/span><i class=\"icofont-thin-double-right\"><\/i><\/a>\n        <\/div>\n","protected":false},"author":2,"featured_media":0,"parent":0,"menu_order":0,"comment_status":"closed","ping_status":"closed","template":"","meta":{"footnotes":""},"class_list":["post-358","page","type-page","status-publish","hentry"],"_links":{"self":[{"href":"https:\/\/nibe-modellbau.de\/index.php\/wp-json\/wp\/v2\/pages\/358","targetHints":{"allow":["GET"]}}],"collection":[{"href":"https:\/\/nibe-modellbau.de\/index.php\/wp-json\/wp\/v2\/pages"}],"about":[{"href":"https:\/\/nibe-modellbau.de\/index.php\/wp-json\/wp\/v2\/types\/page"}],"author":[{"embeddable":true,"href":"https:\/\/nibe-modellbau.de\/index.php\/wp-json\/wp\/v2\/users\/2"}],"replies":[{"embeddable":true,"href":"https:\/\/nibe-modellbau.de\/index.php\/wp-json\/wp\/v2\/comments?post=358"}],"version-history":[{"count":1,"href":"https:\/\/nibe-modellbau.de\/index.php\/wp-json\/wp\/v2\/pages\/358\/revisions"}],"predecessor-version":[{"id":361,"href":"https:\/\/nibe-modellbau.de\/index.php\/wp-json\/wp\/v2\/pages\/358\/revisions\/361"}],"wp:attachment":[{"href":"https:\/\/nibe-modellbau.de\/index.php\/wp-json\/wp\/v2\/media?parent=358"}],"curies":[{"name":"wp","href":"https:\/\/api.w.org\/{rel}","templated":true}]}}