{"id":363,"date":"2025-01-13T21:07:10","date_gmt":"2025-01-13T21:07:10","guid":{"rendered":"https:\/\/nibe-modellbau.de\/?page_id=363"},"modified":"2025-08-03T17:13:42","modified_gmt":"2025-08-03T17:13:42","slug":"arbeitsschiffilmenau","status":"publish","type":"page","link":"https:\/\/nibe-modellbau.de\/index.php\/arbeitsschiffilmenau\/","title":{"rendered":"Arbeitsschiff&#8220;Ilmenau&#8220;"},"content":{"rendered":"<p><strong>Arbeitsschiff&#8220;Ilmenau&#8220;<\/strong><\/p>\n<p><img loading=\"lazy\" decoding=\"async\" class=\"alignnone wp-image-364\" src=\"https:\/\/nibe-modellbau.de\/wp-content\/uploads\/2025\/01\/Arbeitsschiff-Ilmenau.jpg\" alt=\"\" width=\"300\" height=\"200\" \/><\/p>\n<p>Das Schiff geh\u00f6rt einer Serie von 17 Schiffen des Typ Spatz an,<br \/>\ndie auf der Schiffswerft Hermann Bartel Werft f\u00fcr die Wasser und Schifffahrts\u00e4mter in den 90ziger Jahren gebaut wurden.<br \/>\nBei diesen Typ waren die L\u00e4ngen unterschiedlich.<br \/>\nDas Wasser.- und Schifffahrtsamt Uelzen hat zwei von diesen Schiffen, wobei die Ohre eine L\u00e4nge von 13,95m hat..<br \/>\nEingesetzt werden diese Schiffe auf Kan\u00e4len und Fl\u00fcssen,<br \/>\nmachen arbeiten an den Wasserstra\u00dfen und haben Wasserschiffpolizeiliche Rechte.<br \/>\nDas hei\u00dft sie geben den Schiffsf\u00fchren Anweisungen was sie zu tun und\/oder zu unterlasen haben.<br \/>\nDie Geschwindigkeit betr\u00e4gt 17,5 km\/h.<br \/>\nBaujahr 1994<\/p>\n<p>Modellma\u00dfstab: 1:20<\/p>\n<table style=\"height: 68px; width: 30.5877%; border-collapse: collapse;\">\n<tbody>\n<tr style=\"height: 24px;\">\n<th style=\"width: 13.954%; height: 10px;\"><\/th>\n<th style=\"width: 12.9549%; height: 10px;\">Original<\/th>\n<th style=\"width: 26.8596%; height: 10px;\">Modell (ca. Angaben)<\/th>\n<\/tr>\n<tr style=\"height: 20px;\">\n<th style=\"width: 13.954%; height: 24px;\">L\u00e4nge \u00fc.A.<\/th>\n<td style=\"width: 12.9549%; height: 24px; text-align: center;\">12,55 m<\/td>\n<td style=\"width: 26.8596%; height: 24px; text-align: center;\">63 cm<\/td>\n<\/tr>\n<tr style=\"height: 20px;\">\n<th style=\"width: 13.954%; height: 19px;\">Breite \u00fc.A.<\/th>\n<td style=\"width: 12.9549%; height: 19px; text-align: center;\">3,60 m<\/td>\n<td style=\"width: 26.8596%; height: 19px; text-align: center;\">18 cm<\/td>\n<\/tr>\n<tr style=\"height: 20px;\">\n<th style=\"width: 13.954%; height: 15px;\">Tiefgang<\/th>\n<td style=\"width: 12.9549%; height: 15px; text-align: center;\">0,80 m<\/td>\n<td style=\"width: 26.8596%; height: 15px; text-align: center;\">4 cm<\/td>\n<\/tr>\n<\/tbody>\n<\/table>\n<p>&nbsp;<\/p>\n<p><b>Preis: 340 \u20ac<br \/>\n<\/b><strong>optionales Antriebsset: 24,95\u20ac<\/strong><\/p>\n<p><b>Lieferzeit: Ende August<\/b><\/p>\n","protected":false},"excerpt":{"rendered":"<p>Arbeitsschiff&#8220;Ilmenau&#8220; Das Schiff geh\u00f6rt einer Serie von 17 Schiffen des Typ Spatz an, die auf der Schiffswerft Hermann Bartel Werft f\u00fcr die Wasser und Schifffahrts\u00e4mter in den 90ziger Jahren gebaut wurden. Bei diesen Typ waren die L\u00e4ngen unterschiedlich. Das Wasser.- und Schifffahrtsamt Uelzen hat zwei von diesen Schiffen, wobei die Ohre eine L\u00e4nge von 13,95m<\/p>\n<div class=\"more-link\">\n             <a href=\"https:\/\/nibe-modellbau.de\/index.php\/arbeitsschiffilmenau\/\" class=\"link-btn\"><span>Weiterlesen <\/span><i class=\"icofont-thin-double-right\"><\/i><\/a>\n        <\/div>\n","protected":false},"author":2,"featured_media":0,"parent":0,"menu_order":0,"comment_status":"closed","ping_status":"closed","template":"","meta":{"footnotes":""},"class_list":["post-363","page","type-page","status-publish","hentry"],"_links":{"self":[{"href":"https:\/\/nibe-modellbau.de\/index.php\/wp-json\/wp\/v2\/pages\/363","targetHints":{"allow":["GET"]}}],"collection":[{"href":"https:\/\/nibe-modellbau.de\/index.php\/wp-json\/wp\/v2\/pages"}],"about":[{"href":"https:\/\/nibe-modellbau.de\/index.php\/wp-json\/wp\/v2\/types\/page"}],"author":[{"embeddable":true,"href":"https:\/\/nibe-modellbau.de\/index.php\/wp-json\/wp\/v2\/users\/2"}],"replies":[{"embeddable":true,"href":"https:\/\/nibe-modellbau.de\/index.php\/wp-json\/wp\/v2\/comments?post=363"}],"version-history":[{"count":9,"href":"https:\/\/nibe-modellbau.de\/index.php\/wp-json\/wp\/v2\/pages\/363\/revisions"}],"predecessor-version":[{"id":524,"href":"https:\/\/nibe-modellbau.de\/index.php\/wp-json\/wp\/v2\/pages\/363\/revisions\/524"}],"wp:attachment":[{"href":"https:\/\/nibe-modellbau.de\/index.php\/wp-json\/wp\/v2\/media?parent=363"}],"curies":[{"name":"wp","href":"https:\/\/api.w.org\/{rel}","templated":true}]}}