{"id":388,"date":"2025-01-15T19:42:08","date_gmt":"2025-01-15T19:42:08","guid":{"rendered":"https:\/\/nibe-modellbau.de\/?page_id=388"},"modified":"2025-01-15T19:42:08","modified_gmt":"2025-01-15T19:42:08","slug":"hollaendisches-rettungsboot-antje","status":"publish","type":"page","link":"https:\/\/nibe-modellbau.de\/index.php\/hollaendisches-rettungsboot-antje\/","title":{"rendered":"Holl\u00e4ndisches Rettungsboot Antje"},"content":{"rendered":"<p><strong>Holl\u00e4ndisches Rettungsboot Antje<\/strong><\/p>\n<p><img loading=\"lazy\" decoding=\"async\" class=\"alignnone wp-image-386\" src=\"https:\/\/nibe-modellbau.de\/wp-content\/uploads\/2025\/01\/Hollandisches-Rettungsboot-Antje.jpg\" alt=\"\" width=\"300\" height=\"200\" \/><\/p>\n<table id=\"tablepress-738\" class=\"tablepress tablepress-id-738\">\n<tbody class=\"row-striping row-hover\">\n<tr class=\"row-39\">\n<td class=\"column-2\">1995 &#8211; 97 wurden von diesen Schiffstyp 3 Einheiten auf der Mulder &amp; Rijke Werft in Holland gebaut. Die Namen waren Antje, Martijn Koenraad Hof und Jakoba Elisabeth. Der Antrieb bestand aus 2 Jets mit je 230 PS dadurch wurde eine Geschwindigkeit von 36 Knoten erreicht. Die Besatzung bestand aus 3 Mann, in den Jahren 2011-12 wurden diese Schiffe au\u00dfer Dienst gestellt und durch neue ersetzt. Da es nicht m\u00f6glich war bei dieser Gr\u00f6\u00dfe 2 Jets einzubauen, wurde nur ein 28 eingebaut. An dieser Stelle m\u00f6chte ich mich bei den holl. Modellbauer Peter Zorgdrager bedanken der mir Infos zukommen lie\u00df, wo ich die entsprechenden Bilder finden konnte, um den Bau so zugestalten wie er jetzt ist<br \/>\nMa\u00dfstab: 1:12<br \/>\nModell L\u00e4nge: 75cm<br \/>\nBreite: 27 cm<br \/>\nTiefgang: 4 cm<\/td>\n<\/tr>\n<\/tbody>\n<\/table>\n<p><b>Preis auf Anfrage<\/b><\/p>\n<p><b>Lieferzeit in Kl\u00e4rung<\/b><\/p>\n","protected":false},"excerpt":{"rendered":"<p>Holl\u00e4ndisches Rettungsboot Antje 1995 &#8211; 97 wurden von diesen Schiffstyp 3 Einheiten auf der Mulder &amp; Rijke Werft in Holland gebaut. Die Namen waren Antje, Martijn Koenraad Hof und Jakoba Elisabeth. Der Antrieb bestand aus 2 Jets mit je 230 PS dadurch wurde eine Geschwindigkeit von 36 Knoten erreicht. Die Besatzung bestand aus 3 Mann,<\/p>\n<div class=\"more-link\">\n             <a href=\"https:\/\/nibe-modellbau.de\/index.php\/hollaendisches-rettungsboot-antje\/\" class=\"link-btn\"><span>Weiterlesen <\/span><i class=\"icofont-thin-double-right\"><\/i><\/a>\n        <\/div>\n","protected":false},"author":2,"featured_media":0,"parent":0,"menu_order":0,"comment_status":"closed","ping_status":"closed","template":"","meta":{"footnotes":""},"class_list":["post-388","page","type-page","status-publish","hentry"],"_links":{"self":[{"href":"https:\/\/nibe-modellbau.de\/index.php\/wp-json\/wp\/v2\/pages\/388","targetHints":{"allow":["GET"]}}],"collection":[{"href":"https:\/\/nibe-modellbau.de\/index.php\/wp-json\/wp\/v2\/pages"}],"about":[{"href":"https:\/\/nibe-modellbau.de\/index.php\/wp-json\/wp\/v2\/types\/page"}],"author":[{"embeddable":true,"href":"https:\/\/nibe-modellbau.de\/index.php\/wp-json\/wp\/v2\/users\/2"}],"replies":[{"embeddable":true,"href":"https:\/\/nibe-modellbau.de\/index.php\/wp-json\/wp\/v2\/comments?post=388"}],"version-history":[{"count":1,"href":"https:\/\/nibe-modellbau.de\/index.php\/wp-json\/wp\/v2\/pages\/388\/revisions"}],"predecessor-version":[{"id":390,"href":"https:\/\/nibe-modellbau.de\/index.php\/wp-json\/wp\/v2\/pages\/388\/revisions\/390"}],"wp:attachment":[{"href":"https:\/\/nibe-modellbau.de\/index.php\/wp-json\/wp\/v2\/media?parent=388"}],"curies":[{"name":"wp","href":"https:\/\/api.w.org\/{rel}","templated":true}]}}