{"id":393,"date":"2025-01-15T19:45:38","date_gmt":"2025-01-15T19:45:38","guid":{"rendered":"https:\/\/nibe-modellbau.de\/?page_id=393"},"modified":"2025-01-15T19:59:49","modified_gmt":"2025-01-15T19:59:49","slug":"tender-jet-krake","status":"publish","type":"page","link":"https:\/\/nibe-modellbau.de\/index.php\/tender-jet-krake\/","title":{"rendered":"Tender Jet Krake"},"content":{"rendered":"<p><strong>Tender Jet Krake<\/strong><\/p>\n<p><img loading=\"lazy\" decoding=\"async\" class=\"alignnone wp-image-392\" src=\"https:\/\/nibe-modellbau.de\/wp-content\/uploads\/2025\/01\/Tender-Jet-Krake.jpg\" alt=\"\" width=\"300\" height=\"156\" \/><\/p>\n<p>Krake ist eine von fast f\u00fcnf baugleichen Tender Jetbooten<br \/>\nDiese werden bei gro\u00dfen Jachten mit gef\u00fchrt, meist befinden sich diese im Heckbereich in sogenannten Parkgaragen und werden von dort zu Wasser gelassen.<br \/>\n\u00c9s sind reine Freizeitboote, Baujahr war 2002. Der Antrieb ist ein Volvo Penta Motor mit 238 PS, damit erreicht das Boot bis zu 40kn \/ 74 km\/h<br \/>\nJet ist ein 28 Kehrer der nicht im Bausatz enthalten ist, sowie die Figuren..<br \/>\nMa\u00dfstab: 1:10<br \/>\nModell L\u00e4nge: 65cm<br \/>\nBreite: 25 cm<\/p>\n<p><b>Preis auf Anfrage<\/b><\/p>\n<p><b>Lieferzeit in Kl\u00e4rung<\/b><\/p>\n","protected":false},"excerpt":{"rendered":"<p>Tender Jet Krake Krake ist eine von fast f\u00fcnf baugleichen Tender Jetbooten Diese werden bei gro\u00dfen Jachten mit gef\u00fchrt, meist befinden sich diese im Heckbereich in sogenannten Parkgaragen und werden von dort zu Wasser gelassen. \u00c9s sind reine Freizeitboote, Baujahr war 2002. Der Antrieb ist ein Volvo Penta Motor mit 238 PS, damit erreicht das<\/p>\n<div class=\"more-link\">\n             <a href=\"https:\/\/nibe-modellbau.de\/index.php\/tender-jet-krake\/\" class=\"link-btn\"><span>Weiterlesen <\/span><i class=\"icofont-thin-double-right\"><\/i><\/a>\n        <\/div>\n","protected":false},"author":2,"featured_media":0,"parent":0,"menu_order":0,"comment_status":"closed","ping_status":"closed","template":"","meta":{"footnotes":""},"class_list":["post-393","page","type-page","status-publish","hentry"],"_links":{"self":[{"href":"https:\/\/nibe-modellbau.de\/index.php\/wp-json\/wp\/v2\/pages\/393","targetHints":{"allow":["GET"]}}],"collection":[{"href":"https:\/\/nibe-modellbau.de\/index.php\/wp-json\/wp\/v2\/pages"}],"about":[{"href":"https:\/\/nibe-modellbau.de\/index.php\/wp-json\/wp\/v2\/types\/page"}],"author":[{"embeddable":true,"href":"https:\/\/nibe-modellbau.de\/index.php\/wp-json\/wp\/v2\/users\/2"}],"replies":[{"embeddable":true,"href":"https:\/\/nibe-modellbau.de\/index.php\/wp-json\/wp\/v2\/comments?post=393"}],"version-history":[{"count":1,"href":"https:\/\/nibe-modellbau.de\/index.php\/wp-json\/wp\/v2\/pages\/393\/revisions"}],"predecessor-version":[{"id":395,"href":"https:\/\/nibe-modellbau.de\/index.php\/wp-json\/wp\/v2\/pages\/393\/revisions\/395"}],"wp:attachment":[{"href":"https:\/\/nibe-modellbau.de\/index.php\/wp-json\/wp\/v2\/media?parent=393"}],"curies":[{"name":"wp","href":"https:\/\/api.w.org\/{rel}","templated":true}]}}