{"id":397,"date":"2025-01-15T19:49:33","date_gmt":"2025-01-15T19:49:33","guid":{"rendered":"https:\/\/nibe-modellbau.de\/?page_id=397"},"modified":"2025-01-15T19:55:12","modified_gmt":"2025-01-15T19:55:12","slug":"fischereiaufsichtsboot-nimrod","status":"publish","type":"page","link":"https:\/\/nibe-modellbau.de\/index.php\/fischereiaufsichtsboot-nimrod\/","title":{"rendered":"Fischereiaufsichtsboot Nimrod"},"content":{"rendered":"<table id=\"tablepress-738\" class=\"tablepress tablepress-id-738\">\n<tbody class=\"row-striping row-hover\">\n<tr class=\"row-41\">\n<td class=\"column-1\"><strong>Fischereiaufsichtsboot Nimrod<\/strong><\/td>\n<\/tr>\n<\/tbody>\n<\/table>\n<p><img loading=\"lazy\" decoding=\"async\" class=\"alignnone wp-image-396\" src=\"https:\/\/nibe-modellbau.de\/wp-content\/uploads\/2025\/01\/Fischereiaufsichtsboot-Nimrod.jpg\" alt=\"\" width=\"300\" height=\"225\" \/><\/p>\n<p>Die Nimrod 1991 wurde auf einer Norddeutschen -Werft als Fischereiaufsichtsboot sowie drei weiteren Einheiten, die als Rettungsboote f\u00fcr Marokko dienten gebaut.<br \/>\nSie waren fast alle baugleich, wobei die Rettungsboote zus\u00e4tzlich gr\u00f6\u00dfere L\u00fcftersch\u00e4chte hinten und einen L\u00f6schmonitor bekommen haben.<br \/>\nDie Nimrod ersetzte das veraltete Schiff Neptun und wurde in Cuxhaven eingesetzt. Durch den neuen Neubau &#8222;Eider&#8220; wurde sie nach Bremerhaven versetzt wo es die Nixe abl\u00f6ste.<br \/>\nDiese wurde nach England verkauft, wo sp\u00e4ter erneut den Besitzer wechselte. Ein Holl\u00e4nder machte daraus ein Taucherboot.<br \/>\nDie Besatzung besteht aus 3 &#8211; 4 Mann, der Antrieb erfolgt \u00fcber 2 Motore a. 760 &#8211; 1520 PS, die das Schiff zu einer Geschwindigkeit von 21 kn bringen.<br \/>\nMa\u00dfstab: 1:25<br \/>\nModell-L\u00e4nge: 77cm<br \/>\nModell-Breite: 20cm<\/p>\n<p><b>Preis auf Anfrage<\/b><\/p>\n<p><b>Lieferzeit in Kl\u00e4rung<\/b><\/p>\n","protected":false},"excerpt":{"rendered":"<p>Fischereiaufsichtsboot Nimrod Die Nimrod 1991 wurde auf einer Norddeutschen -Werft als Fischereiaufsichtsboot sowie drei weiteren Einheiten, die als Rettungsboote f\u00fcr Marokko dienten gebaut. Sie waren fast alle baugleich, wobei die Rettungsboote zus\u00e4tzlich gr\u00f6\u00dfere L\u00fcftersch\u00e4chte hinten und einen L\u00f6schmonitor bekommen haben. Die Nimrod ersetzte das veraltete Schiff Neptun und wurde in Cuxhaven eingesetzt. Durch den neuen<\/p>\n<div class=\"more-link\">\n             <a href=\"https:\/\/nibe-modellbau.de\/index.php\/fischereiaufsichtsboot-nimrod\/\" class=\"link-btn\"><span>Weiterlesen <\/span><i class=\"icofont-thin-double-right\"><\/i><\/a>\n        <\/div>\n","protected":false},"author":2,"featured_media":0,"parent":0,"menu_order":0,"comment_status":"closed","ping_status":"closed","template":"","meta":{"footnotes":""},"class_list":["post-397","page","type-page","status-publish","hentry"],"_links":{"self":[{"href":"https:\/\/nibe-modellbau.de\/index.php\/wp-json\/wp\/v2\/pages\/397","targetHints":{"allow":["GET"]}}],"collection":[{"href":"https:\/\/nibe-modellbau.de\/index.php\/wp-json\/wp\/v2\/pages"}],"about":[{"href":"https:\/\/nibe-modellbau.de\/index.php\/wp-json\/wp\/v2\/types\/page"}],"author":[{"embeddable":true,"href":"https:\/\/nibe-modellbau.de\/index.php\/wp-json\/wp\/v2\/users\/2"}],"replies":[{"embeddable":true,"href":"https:\/\/nibe-modellbau.de\/index.php\/wp-json\/wp\/v2\/comments?post=397"}],"version-history":[{"count":1,"href":"https:\/\/nibe-modellbau.de\/index.php\/wp-json\/wp\/v2\/pages\/397\/revisions"}],"predecessor-version":[{"id":399,"href":"https:\/\/nibe-modellbau.de\/index.php\/wp-json\/wp\/v2\/pages\/397\/revisions\/399"}],"wp:attachment":[{"href":"https:\/\/nibe-modellbau.de\/index.php\/wp-json\/wp\/v2\/media?parent=397"}],"curies":[{"name":"wp","href":"https:\/\/api.w.org\/{rel}","templated":true}]}}