{"id":406,"date":"2025-01-15T20:09:42","date_gmt":"2025-01-15T20:09:42","guid":{"rendered":"https:\/\/nibe-modellbau.de\/?page_id=406"},"modified":"2025-01-15T20:12:28","modified_gmt":"2025-01-15T20:12:28","slug":"rettungskreutzer-assa","status":"publish","type":"page","link":"https:\/\/nibe-modellbau.de\/index.php\/rettungskreutzer-assa\/","title":{"rendered":"Rettungskreutzer &#8222;ASSA&#8220;"},"content":{"rendered":"<p><strong>Rettungskreutzer &#8222;ASSA&#8220;<\/strong><\/p>\n<p><img loading=\"lazy\" decoding=\"async\" class=\"alignnone wp-image-405\" src=\"https:\/\/nibe-modellbau.de\/wp-content\/uploads\/2025\/01\/Rettungskreutzer-ASSA.jpg\" alt=\"\" width=\"300\" height=\"200\" \/><\/p>\n<p>Die ASSA wurde 1991 mit zwei weiteren Schwesterschiffen auf einer Norddeutschen Werft als Rettungsboote f\u00fcr Marokko gebaut. Es sind die Namen der Boote HAOUZ und Tarik. Der Vorg\u00e4nger war das Fischereiaufsichtsboot Nimrod.<br \/>\nSie waren fast alle baugleich, wobei die Rettungsboote zus\u00e4tzlich gr\u00f6\u00dfere L\u00fcftersch\u00e4chte hinten und einen L\u00f6schmonitor bekommen haben.<br \/>\nDie Besatzung besteht aus 3 &#8211; 4 Mann, der Antrieb erfolgt \u00fcber 2 Motore a. 760 &#8211; 1520 PS, die den Schiff zu einer Geschwindigkeit von 21 kn bringen.<\/p>\n<p>Modell Ma\u00dfstab 1:25<br \/>\nModell &#8211; L\u00e4nge 77 cm<br \/>\nBreite 20 cm<\/p>\n<p><b>Preis auf Anfrage<\/b><\/p>\n<p><b>Lieferzeit in Kl\u00e4rung<\/b><\/p>\n","protected":false},"excerpt":{"rendered":"<p>Rettungskreutzer &#8222;ASSA&#8220; Die ASSA wurde 1991 mit zwei weiteren Schwesterschiffen auf einer Norddeutschen Werft als Rettungsboote f\u00fcr Marokko gebaut. Es sind die Namen der Boote HAOUZ und Tarik. Der Vorg\u00e4nger war das Fischereiaufsichtsboot Nimrod. Sie waren fast alle baugleich, wobei die Rettungsboote zus\u00e4tzlich gr\u00f6\u00dfere L\u00fcftersch\u00e4chte hinten und einen L\u00f6schmonitor bekommen haben. Die Besatzung besteht aus<\/p>\n<div class=\"more-link\">\n             <a href=\"https:\/\/nibe-modellbau.de\/index.php\/rettungskreutzer-assa\/\" class=\"link-btn\"><span>Weiterlesen <\/span><i class=\"icofont-thin-double-right\"><\/i><\/a>\n        <\/div>\n","protected":false},"author":2,"featured_media":0,"parent":0,"menu_order":0,"comment_status":"closed","ping_status":"closed","template":"","meta":{"footnotes":""},"class_list":["post-406","page","type-page","status-publish","hentry"],"_links":{"self":[{"href":"https:\/\/nibe-modellbau.de\/index.php\/wp-json\/wp\/v2\/pages\/406","targetHints":{"allow":["GET"]}}],"collection":[{"href":"https:\/\/nibe-modellbau.de\/index.php\/wp-json\/wp\/v2\/pages"}],"about":[{"href":"https:\/\/nibe-modellbau.de\/index.php\/wp-json\/wp\/v2\/types\/page"}],"author":[{"embeddable":true,"href":"https:\/\/nibe-modellbau.de\/index.php\/wp-json\/wp\/v2\/users\/2"}],"replies":[{"embeddable":true,"href":"https:\/\/nibe-modellbau.de\/index.php\/wp-json\/wp\/v2\/comments?post=406"}],"version-history":[{"count":2,"href":"https:\/\/nibe-modellbau.de\/index.php\/wp-json\/wp\/v2\/pages\/406\/revisions"}],"predecessor-version":[{"id":410,"href":"https:\/\/nibe-modellbau.de\/index.php\/wp-json\/wp\/v2\/pages\/406\/revisions\/410"}],"wp:attachment":[{"href":"https:\/\/nibe-modellbau.de\/index.php\/wp-json\/wp\/v2\/media?parent=406"}],"curies":[{"name":"wp","href":"https:\/\/api.w.org\/{rel}","templated":true}]}}