{"id":427,"date":"2025-01-15T20:32:04","date_gmt":"2025-01-15T20:32:04","guid":{"rendered":"https:\/\/nibe-modellbau.de\/?page_id=427"},"modified":"2025-01-15T21:09:53","modified_gmt":"2025-01-15T21:09:53","slug":"hollaendisches-schleppbarkasse-sleppgo","status":"publish","type":"page","link":"https:\/\/nibe-modellbau.de\/index.php\/hollaendisches-schleppbarkasse-sleppgo\/","title":{"rendered":"Holl\u00e4ndisches Schleppbarkasse Sleppco"},"content":{"rendered":"<p><strong>Holl\u00e4ndisches Schleppbarkasse Sleppco<\/strong><\/p>\n<p><img loading=\"lazy\" decoding=\"async\" class=\"alignnone wp-image-426\" src=\"https:\/\/nibe-modellbau.de\/wp-content\/uploads\/2025\/01\/Hollandisches-Schleppbarkasse-Sleppgo.jpg\" alt=\"\" width=\"300\" height=\"200\" \/><\/p>\n<p>Dieser Schiffstyp wurde in Holland gebaut. Hatten die Aufgabe Frachtk\u00e4hne und Leichter auf Fl\u00fcssen und H\u00e4fen zu verbringen. Auch wurden sie zur Personenbef\u00f6rderung eingesetzt, daf\u00fcr wurden sie entsprechend mit Sitzb\u00e4nken ausger\u00fcstet. Heute findet man sie noch vereinzelt als Freizeitboote wieder.<br \/>\nMa\u00dfstab: 1:15<br \/>\nL\u00e4nge: 64 cm<br \/>\nBreite: 20,00 cm<br \/>\nTiefgang: 7,00 cm<\/p>\n<p><b>Preis auf Anfrage<\/b><\/p>\n<p><b>Lieferzeit in Kl\u00e4rung<\/b><\/p>\n","protected":false},"excerpt":{"rendered":"<p>Holl\u00e4ndisches Schleppbarkasse Sleppco Dieser Schiffstyp wurde in Holland gebaut. Hatten die Aufgabe Frachtk\u00e4hne und Leichter auf Fl\u00fcssen und H\u00e4fen zu verbringen. Auch wurden sie zur Personenbef\u00f6rderung eingesetzt, daf\u00fcr wurden sie entsprechend mit Sitzb\u00e4nken ausger\u00fcstet. Heute findet man sie noch vereinzelt als Freizeitboote wieder. Ma\u00dfstab: 1:15 L\u00e4nge: 64 cm Breite: 20,00 cm Tiefgang: 7,00 cm Preis<\/p>\n<div class=\"more-link\">\n             <a href=\"https:\/\/nibe-modellbau.de\/index.php\/hollaendisches-schleppbarkasse-sleppgo\/\" class=\"link-btn\"><span>Weiterlesen <\/span><i class=\"icofont-thin-double-right\"><\/i><\/a>\n        <\/div>\n","protected":false},"author":2,"featured_media":0,"parent":0,"menu_order":0,"comment_status":"closed","ping_status":"closed","template":"","meta":{"footnotes":""},"class_list":["post-427","page","type-page","status-publish","hentry"],"_links":{"self":[{"href":"https:\/\/nibe-modellbau.de\/index.php\/wp-json\/wp\/v2\/pages\/427","targetHints":{"allow":["GET"]}}],"collection":[{"href":"https:\/\/nibe-modellbau.de\/index.php\/wp-json\/wp\/v2\/pages"}],"about":[{"href":"https:\/\/nibe-modellbau.de\/index.php\/wp-json\/wp\/v2\/types\/page"}],"author":[{"embeddable":true,"href":"https:\/\/nibe-modellbau.de\/index.php\/wp-json\/wp\/v2\/users\/2"}],"replies":[{"embeddable":true,"href":"https:\/\/nibe-modellbau.de\/index.php\/wp-json\/wp\/v2\/comments?post=427"}],"version-history":[{"count":2,"href":"https:\/\/nibe-modellbau.de\/index.php\/wp-json\/wp\/v2\/pages\/427\/revisions"}],"predecessor-version":[{"id":461,"href":"https:\/\/nibe-modellbau.de\/index.php\/wp-json\/wp\/v2\/pages\/427\/revisions\/461"}],"wp:attachment":[{"href":"https:\/\/nibe-modellbau.de\/index.php\/wp-json\/wp\/v2\/media?parent=427"}],"curies":[{"name":"wp","href":"https:\/\/api.w.org\/{rel}","templated":true}]}}