{"id":431,"date":"2025-01-15T20:36:15","date_gmt":"2025-01-15T20:36:15","guid":{"rendered":"https:\/\/nibe-modellbau.de\/?page_id=431"},"modified":"2025-06-19T19:41:19","modified_gmt":"2025-06-19T19:41:19","slug":"sumpfgleiter-2","status":"publish","type":"page","link":"https:\/\/nibe-modellbau.de\/index.php\/sumpfgleiter-2\/","title":{"rendered":"Sumpfgleiter 2"},"content":{"rendered":"<p><strong>Sumpfgleiter 2<\/strong><\/p>\n<p><img loading=\"lazy\" decoding=\"async\" class=\"alignnone wp-image-430\" src=\"https:\/\/nibe-modellbau.de\/wp-content\/uploads\/2025\/01\/Sumpfgleiter-2.jpg\" alt=\"\" width=\"300\" height=\"200\" \/><\/p>\n<p>Auf allen gro\u00dfen Sumpfgel\u00e4nden in der Welt werden Sumpfgleiter in verschiedenen Varianten eingesetzt. Diese dienen als Arbeitsboote und zur Personenbef\u00f6rderung sowie als Freizeitgleiter. Diese Werkstoffpackung aus der, der Rumpf aus 1,5mm gefr\u00e4sten Polystyrolplatten zusammen gebaut wird. Die Halterung f\u00fcr den Motor besteht aus 2mm Platten. Hier k\u00f6nnen B\u00fcrstenmotore und Brushless eingebaut werden.<br \/>\nDer Motorst\u00e4nder sowie der Schutzkorb kann um 180\u00b0 gedreht werden, so das Zug,- Schubkraft eingesetzt werden kann. Die Zuladung betr\u00e4gt ca. 0,5 Kg Das Modell gibt es nur in der Grundausstattung ohne jeglichen Zubeh\u00f6r mit entsprechender Bauanleitung und kleiner Zeichnung zum Zusammenbau.<br \/>\nModell-L\u00e4nge: 51,0 cm<br \/>\nBreite: 20,2 cm<br \/>\nTiefgang: ca.1 cm<\/p>\n<p><b>Preis: 69\u20ac<\/b><\/p>\n<p><b>Lieferzeit: ab sofort lieferbar<\/b><\/p>\n","protected":false},"excerpt":{"rendered":"<p>Sumpfgleiter 2 Auf allen gro\u00dfen Sumpfgel\u00e4nden in der Welt werden Sumpfgleiter in verschiedenen Varianten eingesetzt. Diese dienen als Arbeitsboote und zur Personenbef\u00f6rderung sowie als Freizeitgleiter. Diese Werkstoffpackung aus der, der Rumpf aus 1,5mm gefr\u00e4sten Polystyrolplatten zusammen gebaut wird. Die Halterung f\u00fcr den Motor besteht aus 2mm Platten. Hier k\u00f6nnen B\u00fcrstenmotore und Brushless eingebaut werden. Der<\/p>\n<div class=\"more-link\">\n             <a href=\"https:\/\/nibe-modellbau.de\/index.php\/sumpfgleiter-2\/\" class=\"link-btn\"><span>Weiterlesen <\/span><i class=\"icofont-thin-double-right\"><\/i><\/a>\n        <\/div>\n","protected":false},"author":2,"featured_media":0,"parent":0,"menu_order":0,"comment_status":"closed","ping_status":"closed","template":"","meta":{"footnotes":""},"class_list":["post-431","page","type-page","status-publish","hentry"],"_links":{"self":[{"href":"https:\/\/nibe-modellbau.de\/index.php\/wp-json\/wp\/v2\/pages\/431","targetHints":{"allow":["GET"]}}],"collection":[{"href":"https:\/\/nibe-modellbau.de\/index.php\/wp-json\/wp\/v2\/pages"}],"about":[{"href":"https:\/\/nibe-modellbau.de\/index.php\/wp-json\/wp\/v2\/types\/page"}],"author":[{"embeddable":true,"href":"https:\/\/nibe-modellbau.de\/index.php\/wp-json\/wp\/v2\/users\/2"}],"replies":[{"embeddable":true,"href":"https:\/\/nibe-modellbau.de\/index.php\/wp-json\/wp\/v2\/comments?post=431"}],"version-history":[{"count":3,"href":"https:\/\/nibe-modellbau.de\/index.php\/wp-json\/wp\/v2\/pages\/431\/revisions"}],"predecessor-version":[{"id":512,"href":"https:\/\/nibe-modellbau.de\/index.php\/wp-json\/wp\/v2\/pages\/431\/revisions\/512"}],"wp:attachment":[{"href":"https:\/\/nibe-modellbau.de\/index.php\/wp-json\/wp\/v2\/media?parent=431"}],"curies":[{"name":"wp","href":"https:\/\/api.w.org\/{rel}","templated":true}]}}