{"id":438,"date":"2025-01-15T20:39:49","date_gmt":"2025-01-15T20:39:49","guid":{"rendered":"https:\/\/nibe-modellbau.de\/?page_id=438"},"modified":"2025-01-15T20:42:52","modified_gmt":"2025-01-15T20:42:52","slug":"festmacher-lr","status":"publish","type":"page","link":"https:\/\/nibe-modellbau.de\/index.php\/festmacher-lr\/","title":{"rendered":"Festmacher &#8222;L&#038;R&#8220;"},"content":{"rendered":"<p><strong>Festmacher &#8222;L&amp;R&#8220;<\/strong><\/p>\n<p><img loading=\"lazy\" decoding=\"async\" class=\"alignnone wp-image-436\" src=\"https:\/\/nibe-modellbau.de\/wp-content\/uploads\/2025\/01\/Festmacher-LR.jpg\" alt=\"\" width=\"300\" height=\"200\" \/><\/p>\n<p>In den gro\u00dfen Seeh\u00e4fen befinden sich nahe der Liegepl\u00e4tze f\u00fcr seegehende Schiffe auch Haltepfosten an denen vor\u00fcbergehend diese Schiffe festmachen, ehe sie an die eigentlichen Liegepl\u00e4tze verholt werden.<br \/>\nUm die Haltetrossen an diese Haltepfosten zu bringen und zu befestigen werden spezielle Schiffe wie dieses eingesetzt.<br \/>\nDas Kostruktionsb\u00fcro Kurt A. Oelmann entwickelte diesen Schiffstyp.<br \/>\nGebaut wurden sie auf der Boost Schiffswerft Trier.<br \/>\nAuch die Bundesmarine hat solche Schiffe im Einsatz<br \/>\nMa\u00dfstab: 1:20<br \/>\nOriginal-L\u00e4nge: 11,0m<br \/>\nBreite: 3,60m<br \/>\nTiefgang: 1,04m<\/p>\n<p><b>Preis auf Anfrage<\/b><\/p>\n<p><b>Lieferzeit in Kl\u00e4rung<\/b><\/p>\n","protected":false},"excerpt":{"rendered":"<p>Festmacher &#8222;L&amp;R&#8220; In den gro\u00dfen Seeh\u00e4fen befinden sich nahe der Liegepl\u00e4tze f\u00fcr seegehende Schiffe auch Haltepfosten an denen vor\u00fcbergehend diese Schiffe festmachen, ehe sie an die eigentlichen Liegepl\u00e4tze verholt werden. Um die Haltetrossen an diese Haltepfosten zu bringen und zu befestigen werden spezielle Schiffe wie dieses eingesetzt. Das Kostruktionsb\u00fcro Kurt A. Oelmann entwickelte diesen Schiffstyp.<\/p>\n<div class=\"more-link\">\n             <a href=\"https:\/\/nibe-modellbau.de\/index.php\/festmacher-lr\/\" class=\"link-btn\"><span>Weiterlesen <\/span><i class=\"icofont-thin-double-right\"><\/i><\/a>\n        <\/div>\n","protected":false},"author":2,"featured_media":0,"parent":0,"menu_order":0,"comment_status":"closed","ping_status":"closed","template":"","meta":{"footnotes":""},"class_list":["post-438","page","type-page","status-publish","hentry"],"_links":{"self":[{"href":"https:\/\/nibe-modellbau.de\/index.php\/wp-json\/wp\/v2\/pages\/438","targetHints":{"allow":["GET"]}}],"collection":[{"href":"https:\/\/nibe-modellbau.de\/index.php\/wp-json\/wp\/v2\/pages"}],"about":[{"href":"https:\/\/nibe-modellbau.de\/index.php\/wp-json\/wp\/v2\/types\/page"}],"author":[{"embeddable":true,"href":"https:\/\/nibe-modellbau.de\/index.php\/wp-json\/wp\/v2\/users\/2"}],"replies":[{"embeddable":true,"href":"https:\/\/nibe-modellbau.de\/index.php\/wp-json\/wp\/v2\/comments?post=438"}],"version-history":[{"count":1,"href":"https:\/\/nibe-modellbau.de\/index.php\/wp-json\/wp\/v2\/pages\/438\/revisions"}],"predecessor-version":[{"id":440,"href":"https:\/\/nibe-modellbau.de\/index.php\/wp-json\/wp\/v2\/pages\/438\/revisions\/440"}],"wp:attachment":[{"href":"https:\/\/nibe-modellbau.de\/index.php\/wp-json\/wp\/v2\/media?parent=438"}],"curies":[{"name":"wp","href":"https:\/\/api.w.org\/{rel}","templated":true}]}}