{"id":442,"date":"2025-01-15T20:44:07","date_gmt":"2025-01-15T20:44:07","guid":{"rendered":"https:\/\/nibe-modellbau.de\/?page_id=442"},"modified":"2025-01-15T20:45:50","modified_gmt":"2025-01-15T20:45:50","slug":"polizeibootwsp3","status":"publish","type":"page","link":"https:\/\/nibe-modellbau.de\/index.php\/polizeibootwsp3\/","title":{"rendered":"Polizeiboot&#8220;WSP3&#8243;"},"content":{"rendered":"<p><strong>Polizeiboot&#8220;WSP3&#8243;<\/strong><\/p>\n<p><img loading=\"lazy\" decoding=\"async\" class=\"alignnone wp-image-441\" src=\"https:\/\/nibe-modellbau.de\/wp-content\/uploads\/2025\/01\/Polizeiboot-WSP3.jpg\" alt=\"\" width=\"300\" height=\"201\" \/><\/p>\n<p>In der Zeit von 1993 &#8211; 2003 wurden 13 Einheiten auf verschiedenen Werften gebaut. Der Einsatzbereich dieser Schiffe ist der Rhein.WSP 3 ist in K\u00f6ln beheimatet,<br \/>\nMa\u00dfstab: 1:20<br \/>\nModell-L\u00e4nge: 88,5 cm<br \/>\nModell-Breite: 22,5 cm<br \/>\nTiefgang 4,0cm<\/p>\n<p><b>Preis auf Anfrage<\/b><\/p>\n<p><b>Lieferzeit in Kl\u00e4rung<\/b><\/p>\n","protected":false},"excerpt":{"rendered":"<p>Polizeiboot&#8220;WSP3&#8243; In der Zeit von 1993 &#8211; 2003 wurden 13 Einheiten auf verschiedenen Werften gebaut. Der Einsatzbereich dieser Schiffe ist der Rhein.WSP 3 ist in K\u00f6ln beheimatet, Ma\u00dfstab: 1:20 Modell-L\u00e4nge: 88,5 cm Modell-Breite: 22,5 cm Tiefgang 4,0cm Preis auf Anfrage Lieferzeit in Kl\u00e4rung<\/p>\n","protected":false},"author":2,"featured_media":0,"parent":0,"menu_order":0,"comment_status":"closed","ping_status":"closed","template":"","meta":{"footnotes":""},"class_list":["post-442","page","type-page","status-publish","hentry"],"_links":{"self":[{"href":"https:\/\/nibe-modellbau.de\/index.php\/wp-json\/wp\/v2\/pages\/442","targetHints":{"allow":["GET"]}}],"collection":[{"href":"https:\/\/nibe-modellbau.de\/index.php\/wp-json\/wp\/v2\/pages"}],"about":[{"href":"https:\/\/nibe-modellbau.de\/index.php\/wp-json\/wp\/v2\/types\/page"}],"author":[{"embeddable":true,"href":"https:\/\/nibe-modellbau.de\/index.php\/wp-json\/wp\/v2\/users\/2"}],"replies":[{"embeddable":true,"href":"https:\/\/nibe-modellbau.de\/index.php\/wp-json\/wp\/v2\/comments?post=442"}],"version-history":[{"count":1,"href":"https:\/\/nibe-modellbau.de\/index.php\/wp-json\/wp\/v2\/pages\/442\/revisions"}],"predecessor-version":[{"id":444,"href":"https:\/\/nibe-modellbau.de\/index.php\/wp-json\/wp\/v2\/pages\/442\/revisions\/444"}],"wp:attachment":[{"href":"https:\/\/nibe-modellbau.de\/index.php\/wp-json\/wp\/v2\/media?parent=442"}],"curies":[{"name":"wp","href":"https:\/\/api.w.org\/{rel}","templated":true}]}}