{"id":446,"date":"2025-01-15T20:47:10","date_gmt":"2025-01-15T20:47:10","guid":{"rendered":"https:\/\/nibe-modellbau.de\/?page_id=446"},"modified":"2025-01-15T20:51:42","modified_gmt":"2025-01-15T20:51:42","slug":"seenotrettungskeuzer-luebeck","status":"publish","type":"page","link":"https:\/\/nibe-modellbau.de\/index.php\/seenotrettungskeuzer-luebeck\/","title":{"rendered":"Seenotrettungskeuzer &#8222;L\u00dcBECK&#8220;"},"content":{"rendered":"<p><strong>Seenotrettungskeuzer &#8222;L\u00dcBECK&#8220;<\/strong><\/p>\n<p><img loading=\"lazy\" decoding=\"async\" class=\"alignnone wp-image-445\" src=\"https:\/\/nibe-modellbau.de\/wp-content\/uploads\/2025\/01\/Seenotrettungskeuzer-LUBECK.jpg\" alt=\"\" width=\"300\" height=\"200\" \/><\/p>\n<p>In den Kriegsjahren 1939-43 wurde auf der Pahl Werft Hamburg ein Serienbau von ca.7-13 Rettungsboote f\u00fcr die DGzRS aufgelegt. Bereits w\u00e4hrend des Baues wurden jedoch die Aufbauten schon ge\u00e4ndert. Die L\u00fcbeck II war eines von diesen Schiffen. Es wurde 1942 in den Dienst gestellt, hatte einen Motor von 150 PS, der diesem Boot zu einer Geschwindigkeit von 8 kn verhalf. In den Jahren von 1944\/45-49 wurde dieses Boot zur besseren Beobachtung mit einem Dreibein -Mastkorb ausger\u00fcstet. Da\u00df dies nicht das Ideale war, zeigt schon, da\u00df in den Jahren 1953-55 dieser wieder entfernt und daf\u00fcr ein Turm auf die Aufbauten aufgesetzt wurde. Die L\u00fcbeck war auf folgenden Stationen im Einsatz: Wangerooge 1942-57, Friedrichskoog 1957, Maasholm 1958-67. Danach wurde es au\u00dfer Dienst gestellt und an das Schlepper und Bergungsunternehmen Hans Schramm, Brunsb\u00fcttel verkauft. Unter den Namen M\u00f6we als Bereisungs.- und Begleitschiff eingesetzt. Dann auf die Insel Borkum verkauft und als Hochseeangelboot umgebaut.<br \/>\nMa\u00dfstab: 1:20<br \/>\nL\u00e4nge: 65,0 cm<br \/>\nBreite: 15,0 cm<\/p>\n<p><b>Preis auf Anfrage<\/b><\/p>\n<p><b>Lieferzeit in Kl\u00e4rung<\/b><\/p>\n","protected":false},"excerpt":{"rendered":"<p>Seenotrettungskeuzer &#8222;L\u00dcBECK&#8220; In den Kriegsjahren 1939-43 wurde auf der Pahl Werft Hamburg ein Serienbau von ca.7-13 Rettungsboote f\u00fcr die DGzRS aufgelegt. Bereits w\u00e4hrend des Baues wurden jedoch die Aufbauten schon ge\u00e4ndert. Die L\u00fcbeck II war eines von diesen Schiffen. Es wurde 1942 in den Dienst gestellt, hatte einen Motor von 150 PS, der diesem Boot<\/p>\n<div class=\"more-link\">\n             <a href=\"https:\/\/nibe-modellbau.de\/index.php\/seenotrettungskeuzer-luebeck\/\" class=\"link-btn\"><span>Weiterlesen <\/span><i class=\"icofont-thin-double-right\"><\/i><\/a>\n        <\/div>\n","protected":false},"author":2,"featured_media":0,"parent":0,"menu_order":0,"comment_status":"closed","ping_status":"closed","template":"","meta":{"footnotes":""},"class_list":["post-446","page","type-page","status-publish","hentry"],"_links":{"self":[{"href":"https:\/\/nibe-modellbau.de\/index.php\/wp-json\/wp\/v2\/pages\/446","targetHints":{"allow":["GET"]}}],"collection":[{"href":"https:\/\/nibe-modellbau.de\/index.php\/wp-json\/wp\/v2\/pages"}],"about":[{"href":"https:\/\/nibe-modellbau.de\/index.php\/wp-json\/wp\/v2\/types\/page"}],"author":[{"embeddable":true,"href":"https:\/\/nibe-modellbau.de\/index.php\/wp-json\/wp\/v2\/users\/2"}],"replies":[{"embeddable":true,"href":"https:\/\/nibe-modellbau.de\/index.php\/wp-json\/wp\/v2\/comments?post=446"}],"version-history":[{"count":1,"href":"https:\/\/nibe-modellbau.de\/index.php\/wp-json\/wp\/v2\/pages\/446\/revisions"}],"predecessor-version":[{"id":448,"href":"https:\/\/nibe-modellbau.de\/index.php\/wp-json\/wp\/v2\/pages\/446\/revisions\/448"}],"wp:attachment":[{"href":"https:\/\/nibe-modellbau.de\/index.php\/wp-json\/wp\/v2\/media?parent=446"}],"curies":[{"name":"wp","href":"https:\/\/api.w.org\/{rel}","templated":true}]}}