{"id":482,"date":"2025-04-17T21:06:16","date_gmt":"2025-04-17T21:06:16","guid":{"rendered":"https:\/\/nibe-modellbau.de\/?page_id=482"},"modified":"2025-04-17T21:10:24","modified_gmt":"2025-04-17T21:10:24","slug":"kundenauftraege-plotterei-3d-druck-cnc","status":"publish","type":"page","link":"https:\/\/nibe-modellbau.de\/index.php\/kundenauftraege-plotterei-3d-druck-cnc\/","title":{"rendered":"Fertigung von Kundenauftr\u00e4gen"},"content":{"rendered":"<p><em><strong>Kundenauftr\u00e4ge<\/strong><\/em><\/p>\n<p>&nbsp;<\/p>\n<p>Wir, von NIBE-Modellbau, sind ebenfalls in der Lage eigene Aufkleber (Plotterei), 3D-Drucke oder Fr\u00e4sauftr\u00e4ge zu zeichnen und anzufertigen.<br \/>\nPreis richtet sich immer nach dem Aufwand.<br \/>\nGerne k\u00f6nnen Sie uns fertige Dateien zuschicken oder aber auch nur (Hand-)skizzen oder Ma\u00dfe.<\/p>\n<p>Melden Sie sich gerne per Mail und wir besprechen alles weitere f\u00fcr Ihre individuellen Bauteile &#8211; egal ob Schiffs-, Eisenbahn-, Flugmodellbau oder au\u00dferhalb des Modellbaus! Wir finden eine L\u00f6sung.<\/p>\n<table style=\"border-collapse: collapse; width: 33.1662%;\">\n<tbody>\n<tr>\n<td style=\"width: 100%;\"><img loading=\"lazy\" decoding=\"async\" class=\"alignnone wp-image-484 size-full\" src=\"https:\/\/nibe-modellbau.de\/wp-content\/uploads\/2025\/04\/20250417_224429.png\" alt=\"Kundenauftrag, Amtrak-Logo &amp; Loknummer, Reflexfolie\" width=\"438\" height=\"649\" srcset=\"https:\/\/nibe-modellbau.de\/wp-content\/uploads\/2025\/04\/20250417_224429.png 438w, https:\/\/nibe-modellbau.de\/wp-content\/uploads\/2025\/04\/20250417_224429-202x300.png 202w\" sizes=\"auto, (max-width: 438px) 100vw, 438px\" \/><\/td>\n<\/tr>\n<tr>\n<td style=\"width: 100%;\">US-Amtrak Logo und Loknummer auf reflektierender Folie<\/td>\n<\/tr>\n<\/tbody>\n<\/table>\n<p style=\"text-align: left;\"><span style=\"font-size: 8pt;\"><\/p>\n<p><\/span><\/p>\n","protected":false},"excerpt":{"rendered":"<p>Kundenauftr\u00e4ge &nbsp; Wir, von NIBE-Modellbau, sind ebenfalls in der Lage eigene Aufkleber (Plotterei), 3D-Drucke oder Fr\u00e4sauftr\u00e4ge zu zeichnen und anzufertigen. Preis richtet sich immer nach dem Aufwand. Gerne k\u00f6nnen Sie uns fertige Dateien zuschicken oder aber auch nur (Hand-)skizzen oder Ma\u00dfe. Melden Sie sich gerne per Mail und wir besprechen alles weitere f\u00fcr Ihre individuellen<\/p>\n<div class=\"more-link\">\n             <a href=\"https:\/\/nibe-modellbau.de\/index.php\/kundenauftraege-plotterei-3d-druck-cnc\/\" class=\"link-btn\"><span>Weiterlesen <\/span><i class=\"icofont-thin-double-right\"><\/i><\/a>\n        <\/div>\n","protected":false},"author":1,"featured_media":0,"parent":0,"menu_order":0,"comment_status":"closed","ping_status":"closed","template":"","meta":{"footnotes":""},"class_list":["post-482","page","type-page","status-publish","hentry"],"_links":{"self":[{"href":"https:\/\/nibe-modellbau.de\/index.php\/wp-json\/wp\/v2\/pages\/482","targetHints":{"allow":["GET"]}}],"collection":[{"href":"https:\/\/nibe-modellbau.de\/index.php\/wp-json\/wp\/v2\/pages"}],"about":[{"href":"https:\/\/nibe-modellbau.de\/index.php\/wp-json\/wp\/v2\/types\/page"}],"author":[{"embeddable":true,"href":"https:\/\/nibe-modellbau.de\/index.php\/wp-json\/wp\/v2\/users\/1"}],"replies":[{"embeddable":true,"href":"https:\/\/nibe-modellbau.de\/index.php\/wp-json\/wp\/v2\/comments?post=482"}],"version-history":[{"count":5,"href":"https:\/\/nibe-modellbau.de\/index.php\/wp-json\/wp\/v2\/pages\/482\/revisions"}],"predecessor-version":[{"id":489,"href":"https:\/\/nibe-modellbau.de\/index.php\/wp-json\/wp\/v2\/pages\/482\/revisions\/489"}],"wp:attachment":[{"href":"https:\/\/nibe-modellbau.de\/index.php\/wp-json\/wp\/v2\/media?parent=482"}],"curies":[{"name":"wp","href":"https:\/\/api.w.org\/{rel}","templated":true}]}}