{"id":68,"date":"2025-01-02T12:53:12","date_gmt":"2025-01-02T12:53:12","guid":{"rendered":"https:\/\/nibe-modellbau.de\/?page_id=68"},"modified":"2025-04-24T21:07:30","modified_gmt":"2025-04-24T21:07:30","slug":"wulf-4","status":"publish","type":"page","link":"https:\/\/nibe-modellbau.de\/index.php\/wulf-4\/","title":{"rendered":"Shoalbuster &#8222;Wulf 4&#8220;"},"content":{"rendered":"<p><span style=\"font-size: 18pt;\"><strong>Shoalbuster &#8222;Wulf 4&#8220;<\/strong><\/span><\/p>\n<p><img loading=\"lazy\" decoding=\"async\" class=\"alignnone wp-image-85\" src=\"https:\/\/nibe-modellbau.de\/wp-content\/uploads\/2025\/01\/Shobuster-Wulf4.jpg\" alt=\"Wulf 4, Shoalbuster, DAMEN, Schlepper, \" width=\"300\" height=\"225\" \/><\/p>\n<table id=\"tablepress-738\" class=\"tablepress tablepress-id-738\">\n<tbody class=\"row-striping row-hover\">\n<tr class=\"row-30\">\n<td class=\"column-2\"><span style=\"font-size: 14pt;\">Der Shoalbuster wurde 2011 auf der Damenwerft f\u00fcr die Reederei Visser LH gebaut.<\/span><br \/>\n<span style=\"font-size: 14pt;\">Der Antrieb erfolgte \u00fcber zwei Catapiller Motore mit je 2550 Ps.<\/span><br \/>\n<span style=\"font-size: 14pt;\">Die Besatzung besteht aus 5 Mann und kann durch 2 Mann Reserve erg\u00e4nzt werden.<\/span><br \/>\n<span style=\"font-size: 14pt;\">Im Jahre 2018 Mai\/Juni wechselte das Schiff den Besitzer zu der Wulf Reederei und wurde WULF 4.<\/span><br \/>\n<span style=\"font-size: 14pt;\">Das Einsatzgebiet ist Cuxhaven und Rostock.Ma\u00dfstab: 1:33<\/span><br \/>\n<span style=\"font-size: 14pt;\">Original L\u00e4nge: 26,02 m<\/span><br \/>\n<span style=\"font-size: 14pt;\">Breite: 9,10 m<\/span><br \/>\n<span style=\"font-size: 14pt;\">Tiefgang: 2,63 m<\/span><\/td>\n<\/tr>\n<\/tbody>\n<\/table>\n<p><span style=\"font-size: 14pt;\"><b>Preis auf Anfrage<\/b><\/span><\/p>\n<p><span style=\"font-size: 14pt;\"><b>Lieferbar: auf Anfrage<\/b><\/span><\/p>\n","protected":false},"excerpt":{"rendered":"<p>Shoalbuster &#8222;Wulf 4&#8220; Der Shoalbuster wurde 2011 auf der Damenwerft f\u00fcr die Reederei Visser LH gebaut. Der Antrieb erfolgte \u00fcber zwei Catapiller Motore mit je 2550 Ps. Die Besatzung besteht aus 5 Mann und kann durch 2 Mann Reserve erg\u00e4nzt werden. Im Jahre 2018 Mai\/Juni wechselte das Schiff den Besitzer zu der Wulf Reederei und<\/p>\n<div class=\"more-link\">\n             <a href=\"https:\/\/nibe-modellbau.de\/index.php\/wulf-4\/\" class=\"link-btn\"><span>Weiterlesen <\/span><i class=\"icofont-thin-double-right\"><\/i><\/a>\n        <\/div>\n","protected":false},"author":2,"featured_media":0,"parent":0,"menu_order":0,"comment_status":"closed","ping_status":"closed","template":"","meta":{"footnotes":""},"class_list":["post-68","page","type-page","status-publish","hentry"],"_links":{"self":[{"href":"https:\/\/nibe-modellbau.de\/index.php\/wp-json\/wp\/v2\/pages\/68","targetHints":{"allow":["GET"]}}],"collection":[{"href":"https:\/\/nibe-modellbau.de\/index.php\/wp-json\/wp\/v2\/pages"}],"about":[{"href":"https:\/\/nibe-modellbau.de\/index.php\/wp-json\/wp\/v2\/types\/page"}],"author":[{"embeddable":true,"href":"https:\/\/nibe-modellbau.de\/index.php\/wp-json\/wp\/v2\/users\/2"}],"replies":[{"embeddable":true,"href":"https:\/\/nibe-modellbau.de\/index.php\/wp-json\/wp\/v2\/comments?post=68"}],"version-history":[{"count":12,"href":"https:\/\/nibe-modellbau.de\/index.php\/wp-json\/wp\/v2\/pages\/68\/revisions"}],"predecessor-version":[{"id":495,"href":"https:\/\/nibe-modellbau.de\/index.php\/wp-json\/wp\/v2\/pages\/68\/revisions\/495"}],"wp:attachment":[{"href":"https:\/\/nibe-modellbau.de\/index.php\/wp-json\/wp\/v2\/media?parent=68"}],"curies":[{"name":"wp","href":"https:\/\/api.w.org\/{rel}","templated":true}]}}